{"id":1091,"date":"2017-09-13T12:37:23","date_gmt":"2017-09-13T10:37:23","guid":{"rendered":"https:\/\/werkstatt-ac.de\/?page_id=1091"},"modified":"2025-08-22T12:56:03","modified_gmt":"2025-08-22T10:56:03","slug":"kooperationen","status":"publish","type":"page","link":"https:\/\/werkstatt-ac.de\/?page_id=1091","title":{"rendered":"Kooperationen und Mitgliedschaften"},"content":{"rendered":"<button id=\"bb1\" type=\"button\" value=\"Play\" class=\"responsivevoice-button\" title=\"ResponsiveVoice Tap to Start\/Stop Speech\"><span>&#128266; Vorlesen<\/span><\/button>\n        <script>\n            bb1.onclick = function(){\n                if(responsiveVoice.isPlaying()){\n                    responsiveVoice.cancel();\n                }else{\n                    responsiveVoice.speak(\"Sozial, nachhaltig und innovativ Wir sind ein Unternehmen, das auf vielf\u00e4ltige Weise mit der Wirtschaft und Wissenschaft in der Region Aachen verflochten ist. Neben den Lieferanten- und Kundenbeziehungen pflegen wir seit vielen Jahren auch den Austausch mit Firmen und Verb\u00e4nden zu \u00fcbergreifenden Themen \u2013 immer mit dem Anliegen, die Perspektive von Menschen mit Beeintr\u00e4chtigungen einzubringen. Hier eine \u00dcbersicht \u00fcber unsere Kooperationen und Mitgliedschaften: Wir engagieren uns hier als \u201eDigital User\u201c und gestalten die Digitalisierung gemeinsam mit Startups und etablierten Unternehmen mit. Au\u00dferdem stellen wir \u00fcber unser Tochterunternehmen LEWAC einen Mitarbeiter im Facility Management in der Digital Church auf der J\u00fclicher Stra\u00dfe. Als Mitglied bei der VUV nehmen wir an einer Vielzahl von Informations- und Kooperationsveranstaltungen von Wirtschaftsvertretern in der St\u00e4dteregion Aachen teil. Die VUV ber\u00e4t uns zudem in tarifpolitischen, arbeits- und sozialrechtlichen sowie arbeitswirtschaftlichen Fragen, sodass wir f\u00fcr unsere Mitarbeitenden stets auf dem neusten Stand sind. Bereits 2012 haben wir erfolgreich an der gemeinsamen Aktion von Kommunen, \u00f6rtlicher Wirtschaft und weiterer lokaler sowie regionaler Partner f\u00fcr Kosteneinsparungen und Ressourceneffizienz teilgenommen. Das \u201eArbeitswissenschaftliche Kompetenzzentrum f\u00fcr Erwerbsarbeit in der Industrie 4.0&#8243; befasst sich mit der menschengerechten Einf\u00fchrung und Umsetzung von Konzepten und Technologien der Industrie 4.0 in der Region Aachen. Das Ziel des Forschungsprojekts \u201eGesundheitsregion Aachen: innovativ Lernen und Arbeiten (GALA)\u201c ist es, branchenspezifische Werkzeuge und Modelle der Arbeitsgestaltung und des Kompetenzmanagements zu entwickeln und diese nachhaltig in die Breite zu tragen. Als erstes Mitglied im ecoHUB haben wir uns bewusst fr\u00fchzeitig f\u00fcr eine nachhaltige Unternehmensf\u00fchrung entschieden. Der ecoHUB unterst\u00fctzt die Wirtschaft in der Region Aachen bei der Transformation zum sicheren und gerechten Wirtschaften in den Grenzen des Planeten und f\u00f6rdert junge Starups in der Gr\u00fcnderszene des digitalHUB, welche hier innovative Wege gehen wollen. Eine Kooperationsvereinbarung mit everwave haben wir im Januar 2023 unterzeichnet. Das Startup setzt sich daf\u00fcr ein, dass unsere Meere in Zukunft nicht mehr von Plastikm\u00fcll belastet werden. Seit April 2024 sind wir offizieller Partner im Kooperationsprogramm \u201eHochschule trifft Praxis\u201c der Katholischen Hochschule Nordrhein-Westfalen (katho), Standort Aachen. Im Rahmen der Kooperation erm\u00f6glichen wir Studierenden die Durchf\u00fchrung des Praxissemesters (Studienprojekt 2). Sozialpartnerschaft mit Alemannia Aachen: Mit gemeinsamen Aktionen und Projekten setzen wir seit Oktober 2024 starke Signale f\u00fcr Inklusion und Vielfalt. Unter anderem vermarkten wir von unserer Kunstwerkstatt designte Produkt zu Gunsten wohlt\u00e4tiger Projekte. Au\u00dferdem gibt es gemeinsame Events mit Spielern der Alemannia. Mehr Infos auf der Alemannia-Website Die Kooperation mit der FOM besteht seit August 2025. Wir erm\u00f6glichen Studierenden duale Studieng\u00e4nge und tauschen uns mit der FOM \u00fcber die Sozialbranche aus. Informationen zur FOM finden Sie hier.\", \"Deutsch Female\");\n                }\n            };\n        <\/script>\n    <\/p>\n<h1>Sozial, nachhaltig und innovativ<\/h1>\n<p>Wir sind ein Unternehmen, das auf vielf\u00e4ltige Weise mit der Wirtschaft und Wissenschaft in der Region Aachen verflochten ist. Neben den Lieferanten- und Kundenbeziehungen pflegen wir seit vielen Jahren auch den Austausch mit Firmen und Verb\u00e4nden zu \u00fcbergreifenden Themen \u2013 immer mit dem Anliegen, die Perspektive von Menschen mit Beeintr\u00e4chtigungen einzubringen.<\/p>\n<p><strong>Hier eine \u00dcbersicht \u00fcber unsere Kooperationen und Mitgliedschaften:<\/strong><\/p>\n<p><a href=\"https:\/\/aachen.digital\/\"><img loading=\"lazy\" decoding=\"async\" class=\"alignnone wp-image-4300\" src=\"https:\/\/werkstatt-ac.de\/wp-content\/uploads\/2023\/03\/digitalHUB-1-300x225.png\" alt=\"\" width=\"200\" height=\"150\" srcset=\"https:\/\/werkstatt-ac.de\/wp-content\/uploads\/2023\/03\/digitalHUB-1-300x225.png 300w, https:\/\/werkstatt-ac.de\/wp-content\/uploads\/2023\/03\/digitalHUB-1-600x450.png 600w, https:\/\/werkstatt-ac.de\/wp-content\/uploads\/2023\/03\/digitalHUB-1-533x400.png 533w, https:\/\/werkstatt-ac.de\/wp-content\/uploads\/2023\/03\/digitalHUB-1-168x126.png 168w, https:\/\/werkstatt-ac.de\/wp-content\/uploads\/2023\/03\/digitalHUB-1.png 636w\" sizes=\"auto, (max-width: 200px) 100vw, 200px\" \/><\/a><\/p>\n<p>Wir engagieren uns hier als \u201eDigital User\u201c und gestalten die Digitalisierung gemeinsam mit Startups und etablierten Unternehmen mit. Au\u00dferdem stellen wir \u00fcber unser Tochterunternehmen LEWAC einen Mitarbeiter im Facility Management in der Digital Church auf der J\u00fclicher Stra\u00dfe.<\/p>\n<p>&nbsp;<\/p>\n<p><a href=\"https:\/\/www.vuv-aachen.de\/de\/startseite\"><img loading=\"lazy\" decoding=\"async\" class=\"alignleft wp-image-4310\" src=\"https:\/\/werkstatt-ac.de\/wp-content\/uploads\/2023\/03\/VUV-300x124.png\" alt=\"\" width=\"236\" height=\"97\" srcset=\"https:\/\/werkstatt-ac.de\/wp-content\/uploads\/2023\/03\/VUV-300x124.png 300w, https:\/\/werkstatt-ac.de\/wp-content\/uploads\/2023\/03\/VUV-168x69.png 168w, https:\/\/werkstatt-ac.de\/wp-content\/uploads\/2023\/03\/VUV.png 349w\" sizes=\"auto, (max-width: 236px) 100vw, 236px\" \/><\/a><\/p>\n<p>&nbsp;<\/p>\n<p>&nbsp;<\/p>\n<p>&nbsp;<\/p>\n<p>&nbsp;<\/p>\n<p>Als Mitglied bei der VUV nehmen wir an einer Vielzahl von Informations- und Kooperationsveranstaltungen von Wirtschaftsvertretern in der St\u00e4dteregion Aachen teil. Die VUV ber\u00e4t uns zudem in tarifpolitischen, arbeits- und sozialrechtlichen sowie arbeitswirtschaftlichen Fragen, sodass wir f\u00fcr unsere Mitarbeitenden stets auf dem neusten Stand sind.<\/p>\n<p>&nbsp;<\/p>\n<p><a href=\"https:\/\/www.staedteregion-aachen.de\/de\/navigation\/aemter\/mobilitaet-und-klimaschutz-s-64\/klimaschutz\/oekoprofit\"><img loading=\"lazy\" decoding=\"async\" class=\"alignnone wp-image-4315 \" src=\"https:\/\/werkstatt-ac.de\/wp-content\/uploads\/2023\/03\/Oekoprofit-300x90.png\" alt=\"\" width=\"280\" height=\"84\" srcset=\"https:\/\/werkstatt-ac.de\/wp-content\/uploads\/2023\/03\/Oekoprofit-300x90.png 300w, https:\/\/werkstatt-ac.de\/wp-content\/uploads\/2023\/03\/Oekoprofit-168x50.png 168w, https:\/\/werkstatt-ac.de\/wp-content\/uploads\/2023\/03\/Oekoprofit.png 532w\" sizes=\"auto, (max-width: 280px) 100vw, 280px\" \/><\/a><\/p>\n<p>Bereits 2012 haben wir erfolgreich an der gemeinsamen Aktion von Kommunen, \u00f6rtlicher Wirtschaft und weiterer lokaler sowie regionaler Partner f\u00fcr Kosteneinsparungen und Ressourceneffizienz teilgenommen.<\/p>\n<p>&nbsp;<\/p>\n<p>&nbsp;<\/p>\n<p><a href=\"https:\/\/www.akzente40.de\/\"><img loading=\"lazy\" decoding=\"async\" class=\"alignnone wp-image-4318 size-medium\" src=\"https:\/\/werkstatt-ac.de\/wp-content\/uploads\/2023\/03\/akzente-300x71.png\" alt=\"\" width=\"300\" height=\"71\" srcset=\"https:\/\/werkstatt-ac.de\/wp-content\/uploads\/2023\/03\/akzente-300x71.png 300w, https:\/\/werkstatt-ac.de\/wp-content\/uploads\/2023\/03\/akzente-168x40.png 168w, https:\/\/werkstatt-ac.de\/wp-content\/uploads\/2023\/03\/akzente.png 463w\" sizes=\"auto, (max-width: 300px) 100vw, 300px\" \/><\/a><\/p>\n<p>Das \u201eArbeitswissenschaftliche Kompetenzzentrum f\u00fcr Erwerbsarbeit in der Industrie 4.0&#8243; befasst sich mit der menschengerechten Einf\u00fchrung und Umsetzung von Konzepten und Technologien der Industrie 4.0 in der Region Aachen.<\/p>\n<p>&nbsp;<\/p>\n<p><a href=\"https:\/\/gala-regioninnovativ.de\/\"><img loading=\"lazy\" decoding=\"async\" class=\"alignnone wp-image-4320\" src=\"https:\/\/werkstatt-ac.de\/wp-content\/uploads\/2023\/03\/gala-300x185.jpg\" alt=\"\" width=\"196\" height=\"121\" srcset=\"https:\/\/werkstatt-ac.de\/wp-content\/uploads\/2023\/03\/gala-300x185.jpg 300w, https:\/\/werkstatt-ac.de\/wp-content\/uploads\/2023\/03\/gala-1024x630.jpg 1024w, https:\/\/werkstatt-ac.de\/wp-content\/uploads\/2023\/03\/gala-768x473.jpg 768w, https:\/\/werkstatt-ac.de\/wp-content\/uploads\/2023\/03\/gala-1000x616.jpg 1000w, https:\/\/werkstatt-ac.de\/wp-content\/uploads\/2023\/03\/gala-800x493.jpg 800w, https:\/\/werkstatt-ac.de\/wp-content\/uploads\/2023\/03\/gala-600x369.jpg 600w, https:\/\/werkstatt-ac.de\/wp-content\/uploads\/2023\/03\/gala-168x103.jpg 168w, https:\/\/werkstatt-ac.de\/wp-content\/uploads\/2023\/03\/gala.jpg 1387w\" sizes=\"auto, (max-width: 196px) 100vw, 196px\" \/><\/a><\/p>\n<p>Das Ziel des Forschungsprojekts \u201eGesundheitsregion Aachen: innovativ Lernen und Arbeiten (GALA)\u201c ist es, branchenspezifische Werkzeuge und Modelle der Arbeitsgestaltung und des Kompetenzmanagements zu entwickeln und diese nachhaltig in die Breite zu tragen.<\/p>\n<p><a href=\"https:\/\/aachen.eco\/\"><img loading=\"lazy\" decoding=\"async\" class=\"alignnone wp-image-4324 size-full\" src=\"https:\/\/werkstatt-ac.de\/wp-content\/uploads\/2023\/03\/ecohub-1.png\" alt=\"\" width=\"182\" height=\"97\" srcset=\"https:\/\/werkstatt-ac.de\/wp-content\/uploads\/2023\/03\/ecohub-1.png 182w, https:\/\/werkstatt-ac.de\/wp-content\/uploads\/2023\/03\/ecohub-1-168x90.png 168w\" sizes=\"auto, (max-width: 182px) 100vw, 182px\" \/><\/a><\/p>\n<p>Als erstes Mitglied im ecoHUB haben wir uns bewusst fr\u00fchzeitig f\u00fcr eine nachhaltige Unternehmensf\u00fchrung entschieden. Der ecoHUB unterst\u00fctzt die Wirtschaft in der Region Aachen bei der Transformation zum sicheren und gerechten Wirtschaften in den Grenzen des Planeten und f\u00f6rdert junge Starups in der Gr\u00fcnderszene des digitalHUB, welche hier innovative Wege gehen wollen.<\/p>\n<p>&nbsp;<\/p>\n<p><a href=\"https:\/\/everwave.de\/\"><img loading=\"lazy\" decoding=\"async\" class=\"alignnone wp-image-4326 \" src=\"https:\/\/werkstatt-ac.de\/wp-content\/uploads\/2023\/03\/everwave-300x38.png\" alt=\"\" width=\"245\" height=\"31\" srcset=\"https:\/\/werkstatt-ac.de\/wp-content\/uploads\/2023\/03\/everwave-300x38.png 300w, https:\/\/werkstatt-ac.de\/wp-content\/uploads\/2023\/03\/everwave-168x21.png 168w, https:\/\/werkstatt-ac.de\/wp-content\/uploads\/2023\/03\/everwave.png 384w\" sizes=\"auto, (max-width: 245px) 100vw, 245px\" \/><\/a><\/p>\n<p>Eine Kooperationsvereinbarung mit everwave haben wir im Januar 2023 unterzeichnet. Das Startup setzt sich daf\u00fcr ein, dass unsere Meere in Zukunft nicht mehr von Plastikm\u00fcll belastet werden.<\/p>\n<p>&nbsp;<\/p>\n<p><a href=\"https:\/\/katho-nrw.de\/fuer-die-praxis\/angebote-fuer-die-praxis-fachbereich-sozialwesen-aachen\/hochschule-trifft-praxis-kooperationspartner\" target=\"_blank\" rel=\"noopener\"><img loading=\"lazy\" decoding=\"async\" class=\"alignnone wp-image-4592 size-medium\" src=\"https:\/\/werkstatt-ac.de\/wp-content\/uploads\/2024\/04\/katho-Hochschule-trifft-Praxis-Kooperationspartner-2024-2027-RGB-300x234.jpg\" alt=\"\" width=\"300\" height=\"234\" srcset=\"https:\/\/werkstatt-ac.de\/wp-content\/uploads\/2024\/04\/katho-Hochschule-trifft-Praxis-Kooperationspartner-2024-2027-RGB-300x234.jpg 300w, https:\/\/werkstatt-ac.de\/wp-content\/uploads\/2024\/04\/katho-Hochschule-trifft-Praxis-Kooperationspartner-2024-2027-RGB-768x598.jpg 768w, https:\/\/werkstatt-ac.de\/wp-content\/uploads\/2024\/04\/katho-Hochschule-trifft-Praxis-Kooperationspartner-2024-2027-RGB-1000x779.jpg 1000w, https:\/\/werkstatt-ac.de\/wp-content\/uploads\/2024\/04\/katho-Hochschule-trifft-Praxis-Kooperationspartner-2024-2027-RGB-800x623.jpg 800w, https:\/\/werkstatt-ac.de\/wp-content\/uploads\/2024\/04\/katho-Hochschule-trifft-Praxis-Kooperationspartner-2024-2027-RGB-600x467.jpg 600w, https:\/\/werkstatt-ac.de\/wp-content\/uploads\/2024\/04\/katho-Hochschule-trifft-Praxis-Kooperationspartner-2024-2027-RGB-514x400.jpg 514w, https:\/\/werkstatt-ac.de\/wp-content\/uploads\/2024\/04\/katho-Hochschule-trifft-Praxis-Kooperationspartner-2024-2027-RGB-168x131.jpg 168w, https:\/\/werkstatt-ac.de\/wp-content\/uploads\/2024\/04\/katho-Hochschule-trifft-Praxis-Kooperationspartner-2024-2027-RGB.jpg 1007w\" sizes=\"auto, (max-width: 300px) 100vw, 300px\" \/><\/a><\/p>\n<p>Seit April 2024 sind wir offizieller Partner im Kooperationsprogramm \u201eHochschule trifft Praxis\u201c der Katholischen Hochschule Nordrhein-Westfalen (katho), Standort Aachen. Im Rahmen der Kooperation erm\u00f6glichen wir Studierenden die Durchf\u00fchrung des Praxissemesters (Studienprojekt 2).<\/p>\n<p>&nbsp;<\/p>\n<p><a href=\"https:\/\/werkstatt-ac.de\/wp-content\/uploads\/2024\/10\/Partnerschaftslogo-Alemannia.png\"><img loading=\"lazy\" decoding=\"async\" class=\"alignnone wp-image-4713\" src=\"https:\/\/werkstatt-ac.de\/wp-content\/uploads\/2024\/10\/Partnerschaftslogo-Alemannia-300x300.png\" alt=\"\" width=\"229\" height=\"229\" srcset=\"https:\/\/werkstatt-ac.de\/wp-content\/uploads\/2024\/10\/Partnerschaftslogo-Alemannia-300x300.png 300w, https:\/\/werkstatt-ac.de\/wp-content\/uploads\/2024\/10\/Partnerschaftslogo-Alemannia-150x150.png 150w, https:\/\/werkstatt-ac.de\/wp-content\/uploads\/2024\/10\/Partnerschaftslogo-Alemannia-598x600.png 598w, https:\/\/werkstatt-ac.de\/wp-content\/uploads\/2024\/10\/Partnerschaftslogo-Alemannia-399x400.png 399w, https:\/\/werkstatt-ac.de\/wp-content\/uploads\/2024\/10\/Partnerschaftslogo-Alemannia-218x218.png 218w, https:\/\/werkstatt-ac.de\/wp-content\/uploads\/2024\/10\/Partnerschaftslogo-Alemannia-168x168.png 168w, https:\/\/werkstatt-ac.de\/wp-content\/uploads\/2024\/10\/Partnerschaftslogo-Alemannia-400x400.png 400w, https:\/\/werkstatt-ac.de\/wp-content\/uploads\/2024\/10\/Partnerschaftslogo-Alemannia.png 723w\" sizes=\"auto, (max-width: 229px) 100vw, 229px\" \/><\/a><\/p>\n<p>Sozialpartnerschaft mit Alemannia Aachen: Mit gemeinsamen Aktionen und Projekten setzen wir seit Oktober 2024 starke Signale f\u00fcr Inklusion und Vielfalt. Unter anderem vermarkten wir von unserer Kunstwerkstatt designte Produkt zu Gunsten wohlt\u00e4tiger Projekte. Au\u00dferdem gibt es gemeinsame Events mit Spielern der Alemannia. <a href=\"https:\/\/www.alemannia-aachen.de\/aktuelles\/nachrichten\/details\/Aachener-Werkstaetten-der-Lebenshilfe-und-Alemannia-gehen-neue-Sozialpartnerschaft-ein-26422t\/\">Mehr Infos auf der Alemannia-Website<\/a><\/p>\n<p><a href=\"https:\/\/werkstatt-ac.de\/wp-content\/uploads\/2025\/08\/Logo-FOM-scaled.png\"><img loading=\"lazy\" decoding=\"async\" class=\"alignnone size-medium wp-image-4817\" src=\"https:\/\/werkstatt-ac.de\/wp-content\/uploads\/2025\/08\/Logo-FOM-300x300.png\" alt=\"\" width=\"300\" height=\"300\" srcset=\"https:\/\/werkstatt-ac.de\/wp-content\/uploads\/2025\/08\/Logo-FOM-300x300.png 300w, https:\/\/werkstatt-ac.de\/wp-content\/uploads\/2025\/08\/Logo-FOM-1022x1024.png 1022w, https:\/\/werkstatt-ac.de\/wp-content\/uploads\/2025\/08\/Logo-FOM-150x150.png 150w, https:\/\/werkstatt-ac.de\/wp-content\/uploads\/2025\/08\/Logo-FOM-768x769.png 768w, https:\/\/werkstatt-ac.de\/wp-content\/uploads\/2025\/08\/Logo-FOM-1533x1536.png 1533w, https:\/\/werkstatt-ac.de\/wp-content\/uploads\/2025\/08\/Logo-FOM-2045x2048.png 2045w, https:\/\/werkstatt-ac.de\/wp-content\/uploads\/2025\/08\/Logo-FOM-998x1000.png 998w, https:\/\/werkstatt-ac.de\/wp-content\/uploads\/2025\/08\/Logo-FOM-800x800.png 800w, https:\/\/werkstatt-ac.de\/wp-content\/uploads\/2025\/08\/Logo-FOM-600x600.png 600w, https:\/\/werkstatt-ac.de\/wp-content\/uploads\/2025\/08\/Logo-FOM-399x400.png 399w, https:\/\/werkstatt-ac.de\/wp-content\/uploads\/2025\/08\/Logo-FOM-218x218.png 218w, https:\/\/werkstatt-ac.de\/wp-content\/uploads\/2025\/08\/Logo-FOM-168x168.png 168w, https:\/\/werkstatt-ac.de\/wp-content\/uploads\/2025\/08\/Logo-FOM-400x400.png 400w\" sizes=\"auto, (max-width: 300px) 100vw, 300px\" \/><\/a><\/p>\n<p>Die Kooperation mit der FOM besteht seit August 2025. Wir erm\u00f6glichen Studierenden duale Studieng\u00e4nge und tauschen uns mit der FOM \u00fcber die Sozialbranche aus. Informationen zur FOM finden Sie <a href=\"https:\/\/www.fom.de\/de\/Hochschulzentrum\/aachen\" target=\"_blank\" rel=\"noopener\">hier.<\/a><\/p>\n<p>&nbsp;<\/p>\n<p>\n","protected":false},"excerpt":{"rendered":"<p>Ob Umweltschutz oder Gesundheit am Arbeitsplatz \u2013 wir engagieren uns in vielen Verb\u00e4nden und Initiativen.<\/p>\n","protected":false},"author":101011,"featured_media":4148,"parent":5,"menu_order":31,"comment_status":"closed","ping_status":"closed","template":"","meta":{"_acf_changed":false,"footnotes":""},"class_list":["post-1091","page","type-page","status-publish","has-post-thumbnail","hentry"],"acf":[],"_links":{"self":[{"href":"https:\/\/werkstatt-ac.de\/index.php?rest_route=\/wp\/v2\/pages\/1091","targetHints":{"allow":["GET"]}}],"collection":[{"href":"https:\/\/werkstatt-ac.de\/index.php?rest_route=\/wp\/v2\/pages"}],"about":[{"href":"https:\/\/werkstatt-ac.de\/index.php?rest_route=\/wp\/v2\/types\/page"}],"author":[{"embeddable":true,"href":"https:\/\/werkstatt-ac.de\/index.php?rest_route=\/wp\/v2\/users\/101011"}],"replies":[{"embeddable":true,"href":"https:\/\/werkstatt-ac.de\/index.php?rest_route=%2Fwp%2Fv2%2Fcomments&post=1091"}],"version-history":[{"count":54,"href":"https:\/\/werkstatt-ac.de\/index.php?rest_route=\/wp\/v2\/pages\/1091\/revisions"}],"predecessor-version":[{"id":4819,"href":"https:\/\/werkstatt-ac.de\/index.php?rest_route=\/wp\/v2\/pages\/1091\/revisions\/4819"}],"up":[{"embeddable":true,"href":"https:\/\/werkstatt-ac.de\/index.php?rest_route=\/wp\/v2\/pages\/5"}],"wp:featuredmedia":[{"embeddable":true,"href":"https:\/\/werkstatt-ac.de\/index.php?rest_route=\/wp\/v2\/media\/4148"}],"wp:attachment":[{"href":"https:\/\/werkstatt-ac.de\/index.php?rest_route=%2Fwp%2Fv2%2Fmedia&parent=1091"}],"curies":[{"name":"wp","href":"https:\/\/api.w.org\/{rel}","templated":true}]}}