{"id":135,"date":"2016-01-11T18:00:03","date_gmt":"2016-01-11T17:00:03","guid":{"rendered":"https:\/\/werkstatt-ac.de\/?page_id=135"},"modified":"2025-04-29T10:37:56","modified_gmt":"2025-04-29T08:37:56","slug":"holzwerkstatt","status":"publish","type":"page","link":"https:\/\/werkstatt-ac.de\/?page_id=135","title":{"rendered":"Holzwerkstatt"},"content":{"rendered":"<button id=\"bb1\" type=\"button\" value=\"Play\" class=\"responsivevoice-button\" title=\"ResponsiveVoice Tap to Start\/Stop Speech\"><span>&#128266; Vorlesen<\/span><\/button>\n        <script>\n            bb1.onclick = function(){\n                if(responsiveVoice.isPlaying()){\n                    responsiveVoice.cancel();\n                }else{\n                    responsiveVoice.speak(\"Schreinern in seiner besten Form Ob f\u00fcr den sicheren Transport oder die ansprechende Pr\u00e4sentation Ihrer Produkte \u2013 wir produzieren nach Ihren W\u00fcnschen Verkaufsdisplays, Transportpaletten und Verpackungskisten und konstruieren Spezialanfertigungen. Wir profilieren, hobeln, fr\u00e4sen, bohren, d\u00fcbeln und nuten. Dar\u00fcber hinaus fertigen wir individuelle Produkte mit der CNC-Fr\u00e4se und personalisierte Gestaltung durch den Laser, zum Beispiel Werbegeschenke. \u00dcberzeugen Sie sich von unseren vielf\u00e4ltigen F\u00e4higkeiten. Qualit\u00e4t hat bei uns in jeder Hinsicht Priorit\u00e4t. Maschinenpark Formatkreiss\u00e4gen Plattens\u00e4ge vertikal Tischfr\u00e4se Bands\u00e4ge St\u00e4nderbohrmaschine D\u00fcbelautomat Kantenschleifmaschinen Breitbandschleifmaschine CNC-Fr\u00e4se CO\u00b2 Laser Furnierpresse\", \"Deutsch Female\");\n                }\n            };\n        <\/script>\n    <\/p>\n<h1>Schreinern in seiner besten Form<\/h1>\n<p>Ob f\u00fcr den sicheren Transport oder die ansprechende Pr\u00e4sentation Ihrer Produkte \u2013 wir produzieren nach Ihren W\u00fcnschen Verkaufsdisplays, Transportpaletten und Verpackungskisten und konstruieren Spezialanfertigungen. Wir profilieren, hobeln, fr\u00e4sen, bohren, d\u00fcbeln und nuten. Dar\u00fcber hinaus fertigen wir individuelle Produkte mit der CNC-Fr\u00e4se und personalisierte Gestaltung durch den Laser, zum Beispiel Werbegeschenke. \u00dcberzeugen Sie sich von unseren vielf\u00e4ltigen F\u00e4higkeiten. Qualit\u00e4t hat bei uns in jeder Hinsicht Priorit\u00e4t.<\/p>\n<h2>Maschinenpark<\/h2>\n<ul>\n<li>Formatkreiss\u00e4gen<\/li>\n<li>Plattens\u00e4ge vertikal<\/li>\n<li>Tischfr\u00e4se<\/li>\n<li>Bands\u00e4ge<\/li>\n<li>St\u00e4nderbohrmaschine<\/li>\n<li>D\u00fcbelautomat<\/li>\n<li>Kantenschleifmaschinen<\/li>\n<li>Breitbandschleifmaschine<\/li>\n<li>CNC-Fr\u00e4se<\/li>\n<li>CO\u00b2 Laser<\/li>\n<li>Furnierpresse<\/li>\n<\/ul>\n<p>\n","protected":false},"excerpt":{"rendered":"<p>Wir produzieren Verkaufsdisplays, Serienm\u00f6bel, Transportpaletten, Verpackungskisten und konstruieren auch Spezialanfertigungen.<\/p>\n","protected":false},"author":1,"featured_media":2577,"parent":5,"menu_order":24,"comment_status":"closed","ping_status":"closed","template":"","meta":{"_acf_changed":false,"footnotes":""},"class_list":["post-135","page","type-page","status-publish","has-post-thumbnail","hentry"],"acf":[],"_links":{"self":[{"href":"https:\/\/werkstatt-ac.de\/index.php?rest_route=\/wp\/v2\/pages\/135","targetHints":{"allow":["GET"]}}],"collection":[{"href":"https:\/\/werkstatt-ac.de\/index.php?rest_route=\/wp\/v2\/pages"}],"about":[{"href":"https:\/\/werkstatt-ac.de\/index.php?rest_route=\/wp\/v2\/types\/page"}],"author":[{"embeddable":true,"href":"https:\/\/werkstatt-ac.de\/index.php?rest_route=\/wp\/v2\/users\/1"}],"replies":[{"embeddable":true,"href":"https:\/\/werkstatt-ac.de\/index.php?rest_route=%2Fwp%2Fv2%2Fcomments&post=135"}],"version-history":[{"count":20,"href":"https:\/\/werkstatt-ac.de\/index.php?rest_route=\/wp\/v2\/pages\/135\/revisions"}],"predecessor-version":[{"id":4787,"href":"https:\/\/werkstatt-ac.de\/index.php?rest_route=\/wp\/v2\/pages\/135\/revisions\/4787"}],"up":[{"embeddable":true,"href":"https:\/\/werkstatt-ac.de\/index.php?rest_route=\/wp\/v2\/pages\/5"}],"wp:featuredmedia":[{"embeddable":true,"href":"https:\/\/werkstatt-ac.de\/index.php?rest_route=\/wp\/v2\/media\/2577"}],"wp:attachment":[{"href":"https:\/\/werkstatt-ac.de\/index.php?rest_route=%2Fwp%2Fv2%2Fmedia&parent=135"}],"curies":[{"name":"wp","href":"https:\/\/api.w.org\/{rel}","templated":true}]}}