{"id":1357,"date":"2017-10-20T11:18:04","date_gmt":"2017-10-20T09:18:04","guid":{"rendered":"https:\/\/werkstatt-ac.de\/?page_id=1357"},"modified":"2018-03-07T13:34:24","modified_gmt":"2018-03-07T12:34:24","slug":"ausgleichsabgabe-2","status":"publish","type":"page","link":"https:\/\/werkstatt-ac.de\/?page_id=1357","title":{"rendered":"Ausgleichsabgabe"},"content":{"rendered":"<button id=\"bb1\" type=\"button\" value=\"Play\" class=\"responsivevoice-button\" title=\"ResponsiveVoice Tap to Start\/Stop Speech\"><span>&#128266; Vorlesen<\/span><\/button>\n        <script>\n            bb1.onclick = function(){\n                if(responsiveVoice.isPlaying()){\n                    responsiveVoice.cancel();\n                }else{\n                    responsiveVoice.speak(\"Reduzieren Sie Ihre Abgabenlast Arbeitgeber mit mindestens 20 Besch\u00e4ftigten sind verpflichtet, wenigstens f\u00fcnf Prozent der Arbeitspl\u00e4tze mit schwerbehinderten Menschen zu besetzen. Wenn Sie uns einen Auftrag erteilen, k\u00f6nnen Sie 50 Prozent der im Auftrag enthaltenen Arbeitsleistung von der Ausgleichsabgabe absetzen. Die Mittel aus der Ausgleichsabgabe werden ausschlie\u00dflich f\u00fcr die berufliche Behindertenhilfe verwendet. Unter anderem werden damit auch Arbeitgeber gef\u00f6rdert, die schwerbehinderte Menschen besch\u00e4ftigten.\", \"Deutsch Female\");\n                }\n            };\n        <\/script>\n    <\/p>\n<h1>Reduzieren Sie Ihre Abgabenlast<\/h1>\n<p>Arbeitgeber mit mindestens 20 Besch\u00e4ftigten sind verpflichtet, wenigstens f\u00fcnf Prozent der Arbeitspl\u00e4tze mit schwerbehinderten Menschen zu besetzen. Wenn Sie uns einen Auftrag erteilen, k\u00f6nnen Sie 50 Prozent der im Auftrag enthaltenen Arbeitsleistung von der Ausgleichsabgabe absetzen. Die Mittel aus der Ausgleichsabgabe werden ausschlie\u00dflich f\u00fcr die berufliche Behindertenhilfe verwendet. Unter anderem werden damit auch Arbeitgeber gef\u00f6rdert, die schwerbehinderte Menschen besch\u00e4ftigten.<br \/>\n\n","protected":false},"excerpt":{"rendered":"<p>Wenn Sie uns einen Auftrag erteilen, k\u00f6nnen Sie 50 Prozent der im Auftrag enthaltenen Arbeitsleistung von der Ausgleichsabgabe absetzen. <\/p>\n","protected":false},"author":1,"featured_media":24,"parent":5,"menu_order":20,"comment_status":"closed","ping_status":"closed","template":"","meta":{"_acf_changed":false,"footnotes":""},"class_list":["post-1357","page","type-page","status-publish","has-post-thumbnail","hentry"],"acf":[],"_links":{"self":[{"href":"https:\/\/werkstatt-ac.de\/index.php?rest_route=\/wp\/v2\/pages\/1357","targetHints":{"allow":["GET"]}}],"collection":[{"href":"https:\/\/werkstatt-ac.de\/index.php?rest_route=\/wp\/v2\/pages"}],"about":[{"href":"https:\/\/werkstatt-ac.de\/index.php?rest_route=\/wp\/v2\/types\/page"}],"author":[{"embeddable":true,"href":"https:\/\/werkstatt-ac.de\/index.php?rest_route=\/wp\/v2\/users\/1"}],"replies":[{"embeddable":true,"href":"https:\/\/werkstatt-ac.de\/index.php?rest_route=%2Fwp%2Fv2%2Fcomments&post=1357"}],"version-history":[{"count":4,"href":"https:\/\/werkstatt-ac.de\/index.php?rest_route=\/wp\/v2\/pages\/1357\/revisions"}],"predecessor-version":[{"id":1775,"href":"https:\/\/werkstatt-ac.de\/index.php?rest_route=\/wp\/v2\/pages\/1357\/revisions\/1775"}],"up":[{"embeddable":true,"href":"https:\/\/werkstatt-ac.de\/index.php?rest_route=\/wp\/v2\/pages\/5"}],"wp:featuredmedia":[{"embeddable":true,"href":"https:\/\/werkstatt-ac.de\/index.php?rest_route=\/wp\/v2\/media\/24"}],"wp:attachment":[{"href":"https:\/\/werkstatt-ac.de\/index.php?rest_route=%2Fwp%2Fv2%2Fmedia&parent=1357"}],"curies":[{"name":"wp","href":"https:\/\/api.w.org\/{rel}","templated":true}]}}