{"id":141,"date":"2016-01-11T18:00:35","date_gmt":"2016-01-11T17:00:35","guid":{"rendered":"https:\/\/werkstatt-ac.de\/?page_id=141"},"modified":"2023-11-02T14:29:49","modified_gmt":"2023-11-02T13:29:49","slug":"gartenbau","status":"publish","type":"page","link":"https:\/\/werkstatt-ac.de\/?page_id=141","title":{"rendered":"Gartenbau"},"content":{"rendered":"<button id=\"bb1\" type=\"button\" value=\"Play\" class=\"responsivevoice-button\" title=\"ResponsiveVoice Tap to Start\/Stop Speech\"><span>&#128266; Vorlesen<\/span><\/button>\n        <script>\n            bb1.onclick = function(){\n                if(responsiveVoice.isPlaying()){\n                    responsiveVoice.cancel();\n                }else{\n                    responsiveVoice.speak(\"Zuverl\u00e4ssige Pflege f\u00fcr Ihr Firmengel\u00e4nde Ein gepflegtes Firmengel\u00e4nde ist Ihre erste Visitenkarte. \u00dcberlassen Sie uns die Grundst\u00fcckspflege zu allen Jahreszeiten: Wir sorgen zuverl\u00e4ssig f\u00fcr Rasenschnitt, die Pflege von Hecken und Geh\u00f6lzen, die Pflege und den Erhalt von B\u00e4umen, die Reinigung von befestigten Fl\u00e4chen ohne den Einsatz von Herbiziden und die Entfernung von Laub. Leistungsspektrum Rasenpflege Vegetationsfl\u00e4chenpflege Pflanzungen Baumf\u00e4llung Baumpflege Geh\u00f6lzschnitte Heckenschnitte Unkrautbek\u00e4mpfung auf befestigten Fl\u00e4chen weitere Leistungen auf Anfrage Qualifiziertes Personal Die Arbeiten auf Ihrem Gel\u00e4nde f\u00fchrt Fachpersonal mit entsprechender Qualifikation aus. 1 Meister Garten- und Landschaftsbau 3 Gesellen Garten- und Landschaftsbau mit diversen Zusatzqualifizierungen 3 Facharbeiter Garten- und Landschaftsbau mit diversen Zusatzqualifizierungen 3 Auszubildende Garten- und Landschaftsbau 34 Helfer Garten- und Landschaftsbau Maschinenpark Wir verf\u00fcgen \u00fcber einen modernen und umfangreichen Maschinenpark. 2 St\u00fcck 6,5 t Dreiseitenkipper 4 St\u00fcck 3,5 t Pritsche, Bus, Kipper 6 St\u00fcck 3,5 t Anh\u00e4nger Plattform, Kipper, Kasten 2 Aufsitzm\u00e4her 1 Kleintraktor mit Sichelm\u00e4hwerk, Schlegelm\u00e4her, Kehrbesen 9 Handrasenm\u00e4her 1 Vertikutierer 5 Motors\u00e4gen 2 Hochentaster 11 Kombimotoren und Heckenscheren 4 Freischneider mit diversen M\u00e4hk\u00f6pfen und Wildkrautb\u00fcrsten 1 Wildkrautb\u00fcrste 50 cm 1 Agria\u00a0 Ger\u00e4tetr\u00e4ger mit Wildkrautb\u00fcrste 100 cm, Schlegelm\u00e4her, Umkehrfr\u00e4se 1 Radlader 1,8 t mit Klappschaufel, Gabel, Krokodilschaufel Hier geht\u00b4s zu den Bildergalerien\", \"Deutsch Female\");\n                }\n            };\n        <\/script>\n    <\/p>\n<h1>Zuverl\u00e4ssige Pflege f\u00fcr Ihr Firmengel\u00e4nde<\/h1>\n<p>Ein gepflegtes Firmengel\u00e4nde ist Ihre erste Visitenkarte. \u00dcberlassen Sie uns die Grundst\u00fcckspflege zu allen Jahreszeiten: Wir sorgen zuverl\u00e4ssig f\u00fcr Rasenschnitt, die Pflege von Hecken und Geh\u00f6lzen, die Pflege und den Erhalt von B\u00e4umen, die Reinigung von befestigten Fl\u00e4chen ohne den Einsatz von Herbiziden und die Entfernung von Laub.<\/p>\n<h2>Leistungsspektrum<\/h2>\n<ul>\n<li>Rasenpflege<\/li>\n<li>Vegetationsfl\u00e4chenpflege<\/li>\n<li>Pflanzungen<\/li>\n<li>Baumf\u00e4llung<\/li>\n<li>Baumpflege<\/li>\n<li>Geh\u00f6lzschnitte<\/li>\n<li>Heckenschnitte<\/li>\n<li>Unkrautbek\u00e4mpfung auf befestigten Fl\u00e4chen<\/li>\n<li>weitere Leistungen auf Anfrage<\/li>\n<\/ul>\n<h2>Qualifiziertes Personal<\/h2>\n<p>Die Arbeiten auf Ihrem Gel\u00e4nde f\u00fchrt Fachpersonal mit entsprechender Qualifikation aus.<\/p>\n<ul>\n<li>1 Meister Garten- und Landschaftsbau<\/li>\n<li>3 Gesellen Garten- und Landschaftsbau mit diversen Zusatzqualifizierungen<\/li>\n<li>3 Facharbeiter Garten- und Landschaftsbau mit diversen Zusatzqualifizierungen<\/li>\n<li>3 Auszubildende Garten- und Landschaftsbau<\/li>\n<li>34 Helfer Garten- und Landschaftsbau<\/li>\n<\/ul>\n<h2>Maschinenpark<\/h2>\n<p>Wir verf\u00fcgen \u00fcber einen modernen und umfangreichen Maschinenpark.<\/p>\n<ul>\n<li>2 St\u00fcck 6,5 t Dreiseitenkipper<\/li>\n<li>4 St\u00fcck 3,5 t Pritsche, Bus, Kipper<\/li>\n<li>6 St\u00fcck 3,5 t Anh\u00e4nger Plattform, Kipper, Kasten<\/li>\n<li>2 Aufsitzm\u00e4her<\/li>\n<li>1 Kleintraktor mit Sichelm\u00e4hwerk, Schlegelm\u00e4her, Kehrbesen<\/li>\n<li>9 Handrasenm\u00e4her<\/li>\n<li>1 Vertikutierer<\/li>\n<li>5 Motors\u00e4gen<\/li>\n<li>2 Hochentaster<\/li>\n<li>11 Kombimotoren und Heckenscheren<\/li>\n<li>4 Freischneider mit diversen M\u00e4hk\u00f6pfen und Wildkrautb\u00fcrsten<\/li>\n<li>1 Wildkrautb\u00fcrste 50 cm<\/li>\n<li>1 Agria\u00a0 Ger\u00e4tetr\u00e4ger mit Wildkrautb\u00fcrste 100 cm, Schlegelm\u00e4her, Umkehrfr\u00e4se<\/li>\n<li>1 Radlader 1,8 t mit Klappschaufel, Gabel, Krokodilschaufel<\/li>\n<\/ul>\n<p><a href=\"https:\/\/werkstatt-ac.de\/?page_id=395\">Hier geht\u00b4s zu den Bildergalerien<\/a><\/p>\n<p>\n","protected":false},"excerpt":{"rendered":"<p>Wir \u00fcbernehmen alle Arbeiten rund um Ihr Firmengel\u00e4nde \u2013 von der Grundst\u00fcckspflege bis zur Beetbepflanzung, von der Anlage von Wegen bis zum Bau von Z\u00e4unen.<\/p>\n","protected":false},"author":1,"featured_media":1065,"parent":5,"menu_order":23,"comment_status":"closed","ping_status":"closed","template":"","meta":{"_acf_changed":false,"footnotes":""},"class_list":["post-141","page","type-page","status-publish","has-post-thumbnail","hentry"],"acf":[],"_links":{"self":[{"href":"https:\/\/werkstatt-ac.de\/index.php?rest_route=\/wp\/v2\/pages\/141","targetHints":{"allow":["GET"]}}],"collection":[{"href":"https:\/\/werkstatt-ac.de\/index.php?rest_route=\/wp\/v2\/pages"}],"about":[{"href":"https:\/\/werkstatt-ac.de\/index.php?rest_route=\/wp\/v2\/types\/page"}],"author":[{"embeddable":true,"href":"https:\/\/werkstatt-ac.de\/index.php?rest_route=\/wp\/v2\/users\/1"}],"replies":[{"embeddable":true,"href":"https:\/\/werkstatt-ac.de\/index.php?rest_route=%2Fwp%2Fv2%2Fcomments&post=141"}],"version-history":[{"count":29,"href":"https:\/\/werkstatt-ac.de\/index.php?rest_route=\/wp\/v2\/pages\/141\/revisions"}],"predecessor-version":[{"id":4435,"href":"https:\/\/werkstatt-ac.de\/index.php?rest_route=\/wp\/v2\/pages\/141\/revisions\/4435"}],"up":[{"embeddable":true,"href":"https:\/\/werkstatt-ac.de\/index.php?rest_route=\/wp\/v2\/pages\/5"}],"wp:featuredmedia":[{"embeddable":true,"href":"https:\/\/werkstatt-ac.de\/index.php?rest_route=\/wp\/v2\/media\/1065"}],"wp:attachment":[{"href":"https:\/\/werkstatt-ac.de\/index.php?rest_route=%2Fwp%2Fv2%2Fmedia&parent=141"}],"curies":[{"name":"wp","href":"https:\/\/api.w.org\/{rel}","templated":true}]}}