{"id":143,"date":"2016-01-11T18:00:44","date_gmt":"2016-01-11T17:00:44","guid":{"rendered":"https:\/\/werkstatt-ac.de\/?page_id=143"},"modified":"2024-06-21T13:15:19","modified_gmt":"2024-06-21T11:15:19","slug":"catering","status":"publish","type":"page","link":"https:\/\/werkstatt-ac.de\/?page_id=143","title":{"rendered":"Catering"},"content":{"rendered":"<button id=\"bb1\" type=\"button\" value=\"Play\" class=\"responsivevoice-button\" title=\"ResponsiveVoice Tap to Start\/Stop Speech\"><span>&#128266; Vorlesen<\/span><\/button>\n        <script>\n            bb1.onclick = function(){\n                if(responsiveVoice.isPlaying()){\n                    responsiveVoice.cancel();\n                }else{\n                    responsiveVoice.speak(\"Professionelles Catering f\u00fcr Ihre Veranstaltung Ihr Firmenjubil\u00e4um soll bleibenden Eindruck hinterlassen und Ihre Fachkonferenz mit professionellem Service gl\u00e4nzen? Dann legen Sie Catering und Bedienung in unsere erfahrenen H\u00e4nde. Lassen Sie sich von unserem kulinarisch hochwertigen Vollcatering bis 200 Personen begeistern. Mehr \u00fcber unsere gastronomischen Angebote und Leistungen erfahren Sie auf der Website des Caf\u00e9 Life: www.cafelife-ac.com\", \"Deutsch Female\");\n                }\n            };\n        <\/script>\n    <\/p>\n<h1>Professionelles Catering f\u00fcr Ihre Veranstaltung<\/h1>\n<p><a href=\"http:\/\/www.cafelife-ac.com\/\" target=\"_blank\" rel=\"noopener noreferrer\"><img loading=\"lazy\" decoding=\"async\" class=\"alignnone wp-image-978 size-medium\" src=\"https:\/\/werkstatt-ac.de\/wp-content\/uploads\/2016\/01\/Logo-Cafe\u0301-Life_grau_quer-1-300x101.png\" alt=\"\" width=\"300\" height=\"101\" data-id=\"650\" srcset=\"https:\/\/werkstatt-ac.de\/wp-content\/uploads\/2016\/01\/Logo-Cafe\u0301-Life_grau_quer-1-300x101.png 300w, https:\/\/werkstatt-ac.de\/wp-content\/uploads\/2016\/01\/Logo-Cafe\u0301-Life_grau_quer-1-168x57.png 168w, https:\/\/werkstatt-ac.de\/wp-content\/uploads\/2016\/01\/Logo-Cafe\u0301-Life_grau_quer-1.png 426w\" sizes=\"auto, (max-width: 300px) 100vw, 300px\" \/><\/a><\/p>\n<p>Ihr Firmenjubil\u00e4um soll bleibenden Eindruck hinterlassen und Ihre Fachkonferenz mit professionellem Service gl\u00e4nzen? Dann legen Sie Catering und Bedienung in unsere erfahrenen H\u00e4nde. Lassen Sie sich von unserem kulinarisch hochwertigen Vollcatering bis 200 Personen begeistern.<\/p>\n<p>Mehr \u00fcber unsere gastronomischen Angebote und Leistungen erfahren Sie auf der Website des Caf\u00e9 Life: <a href=\"http:\/\/www.cafelife-ac.com\" target=\"_blank\" rel=\"noopener noreferrer\">www.cafelife-ac.com<\/a><\/p>\n<p>\n","protected":false},"excerpt":{"rendered":"<p>Lassen Sie sich von unserem Catering begeistern \u2013 f\u00fcr jeden Geschmack und zu jedem Anlass bis 200 Personen.<\/p>\n","protected":false},"author":1,"featured_media":989,"parent":5,"menu_order":22,"comment_status":"closed","ping_status":"closed","template":"","meta":{"_acf_changed":false,"footnotes":""},"class_list":["post-143","page","type-page","status-publish","has-post-thumbnail","hentry"],"acf":[],"_links":{"self":[{"href":"https:\/\/werkstatt-ac.de\/index.php?rest_route=\/wp\/v2\/pages\/143","targetHints":{"allow":["GET"]}}],"collection":[{"href":"https:\/\/werkstatt-ac.de\/index.php?rest_route=\/wp\/v2\/pages"}],"about":[{"href":"https:\/\/werkstatt-ac.de\/index.php?rest_route=\/wp\/v2\/types\/page"}],"author":[{"embeddable":true,"href":"https:\/\/werkstatt-ac.de\/index.php?rest_route=\/wp\/v2\/users\/1"}],"replies":[{"embeddable":true,"href":"https:\/\/werkstatt-ac.de\/index.php?rest_route=%2Fwp%2Fv2%2Fcomments&post=143"}],"version-history":[{"count":29,"href":"https:\/\/werkstatt-ac.de\/index.php?rest_route=\/wp\/v2\/pages\/143\/revisions"}],"predecessor-version":[{"id":4646,"href":"https:\/\/werkstatt-ac.de\/index.php?rest_route=\/wp\/v2\/pages\/143\/revisions\/4646"}],"up":[{"embeddable":true,"href":"https:\/\/werkstatt-ac.de\/index.php?rest_route=\/wp\/v2\/pages\/5"}],"wp:featuredmedia":[{"embeddable":true,"href":"https:\/\/werkstatt-ac.de\/index.php?rest_route=\/wp\/v2\/media\/989"}],"wp:attachment":[{"href":"https:\/\/werkstatt-ac.de\/index.php?rest_route=%2Fwp%2Fv2%2Fmedia&parent=143"}],"curies":[{"name":"wp","href":"https:\/\/api.w.org\/{rel}","templated":true}]}}