{"id":145,"date":"2016-01-11T18:00:54","date_gmt":"2016-01-11T17:00:54","guid":{"rendered":"https:\/\/werkstatt-ac.de\/?page_id=145"},"modified":"2023-06-21T09:26:03","modified_gmt":"2023-06-21T07:26:03","slug":"qualitaetsmanagement","status":"publish","type":"page","link":"https:\/\/werkstatt-ac.de\/?page_id=145","title":{"rendered":"Qualit\u00e4tsmanagement"},"content":{"rendered":"<button id=\"bb1\" type=\"button\" value=\"Play\" class=\"responsivevoice-button\" title=\"ResponsiveVoice Tap to Start\/Stop Speech\"><span>&#128266; Vorlesen<\/span><\/button>\n        <script>\n            bb1.onclick = function(){\n                if(responsiveVoice.isPlaying()){\n                    responsiveVoice.cancel();\n                }else{\n                    responsiveVoice.speak(\"Wir \u00fcberzeugen mit Qualit\u00e4t und Service F\u00fcr Auftraggeber aus Industrie, Handwerk und Handel sind wir ein zuverl\u00e4ssiger, flexibler und leistungsf\u00e4higer Partner im produzierenden Gewerbe. Wir sind nach DIN EN ISO 9001: 2015 und MAAS-BGW (bgw qu.int.as) zertifiziert und ein von der Handwerkskammer anerkannter Ausbildungsbetrieb. In unseren Werkst\u00e4tten arbeitet hoch qualifiziertes Personal. Sie leiten unsere Mitarbeiter an unterschiedlichste Auftr\u00e4ge termingerecht abzuwickeln. Unsere Mitarbeiter sind in ihrer intellektuellen oder k\u00f6rperlichen Leistungsf\u00e4higkeit eingeschr\u00e4nkt. Dieses Handicap gleichen sie jedoch mit besonderem Engagement und Leidenschaft aus. Qualit\u00e4tsmanagement Die Werkstatt wurde 2005 erstmals nach ISO 9001 :2015 zertifiziert. Diese QM-Norm dient als Nachweis, dass bei der Umsetzung des Qualit\u00e4tsmanagements bestimmte Standards erf\u00fcllt werden. So sind wir in der Lage festzustellen, dass unsere Prozesse, Schnittstellen und Methoden geeignet sind die Forderungen der Kunden zu erf\u00fcllen und uns im Sinne der kontinuierlichen Verbesserung weiterzuentwickeln. Im Mai 2023 wurden wir nach ISO 9001:2015 durch DQS rezertifiziert. Arbeitsschutz Als erste Werkstatt in Deutschland erf\u00fcllt die Lebenshilfe Aachen Werkst\u00e4tten & Service GmbH seit 2005 gleichzeitig auch die Kriterien der MAAS-BGW (Managementanforderungen zum Arbeitsschutz der Berufsgenossenschaft f\u00fcr Gesundheitsdienst und Wohlfahrtspflege). Hierbei geht es darum, mit den Methoden des Qualit\u00e4tsmanagements die Zahl von Arbeitsunf\u00e4llen und arbeitsbedingten Erkrankungen zu reduzieren. Im Mai 2023 wurden wir nach MAAS im Arbeitsschutz durch DQS rezertifiziert. Qualit\u00e4tssicherung im Berufsbildungsbereich nach AZAV Wir sind au\u00dferdem zugelassener Tr\u00e4ger der Arbeitsf\u00f6rderung nach \u00a7 178 SGB III in Verbindung mit der Akkreditierungs- und Zulassungsverordnung Arbeitsf\u00f6rderung (AZAV) f\u00fcr die Fachbereiche FB6 gem\u00e4\u00df \u00a75 AZAV. Alle Tr\u00e4ger von Ma\u00dfnahmen der Arbeitsf\u00f6rderung m\u00fcssen seit 2013 eine Zulassung besitzen. Dazu geh\u00f6ren auch die Tr\u00e4ger, die allgemeine und besondere Leistungen zur Teilhabe behinderter Menschen am Arbeitsleben nach \u00a7231 ff. SGB IX erbringen. Dazu z\u00e4hlen auch das Eingangsverfahren und der Berufsbildungsbereich der Werkst\u00e4tten f\u00fcr behinderte Menschen. Die AZAV fordert von den Leistungserbringern ein System zur Sicherung der Qualit\u00e4t. Dies, so definiert die AZAV n\u00e4her, liege vor, wenn durch zielgerichtete und systematische Verfahren und Ma\u00dfnahmen die Qualit\u00e4t der Leistungen gew\u00e4hrleistet und kontinuierlich verbessert wird. Seit Juli 2017 sind wir auch im Bereich Ma\u00dfnahmen der Berufswahl und Berufsausbildung nach AZAV zertifiziert. Im Mai 2023 wurden wir nach AZAV durch DQS im ersten Jahr nach Rezertifizierung durch DQS \u00fcberwacht.\", \"Deutsch Female\");\n                }\n            };\n        <\/script>\n    <\/p>\n<h1>Wir \u00fcberzeugen mit Qualit\u00e4t und Service<\/h1>\n<p>F\u00fcr Auftraggeber aus Industrie, Handwerk und Handel sind wir ein zuverl\u00e4ssiger, flexibler und leistungsf\u00e4higer Partner im produzierenden Gewerbe. Wir sind nach DIN EN ISO 9001: 2015 und MAAS-BGW (bgw qu.int.as) zertifiziert und ein von der Handwerkskammer anerkannter Ausbildungsbetrieb.<br \/>\nIn unseren Werkst\u00e4tten arbeitet hoch qualifiziertes Personal. Sie leiten unsere Mitarbeiter an unterschiedlichste Auftr\u00e4ge termingerecht abzuwickeln.<br \/>\nUnsere Mitarbeiter sind in ihrer intellektuellen oder k\u00f6rperlichen Leistungsf\u00e4higkeit eingeschr\u00e4nkt. Dieses Handicap gleichen sie jedoch mit besonderem Engagement und Leidenschaft aus.<\/p>\n<p><strong><br \/>\nQualit\u00e4tsmanagement<\/strong><\/p>\n<p>Die Werkstatt wurde 2005 erstmals nach ISO 9001 :2015 zertifiziert. Diese QM-Norm dient als Nachweis, dass bei der Umsetzung des Qualit\u00e4tsmanagements bestimmte Standards erf\u00fcllt werden.<br \/>\nSo sind wir in der Lage festzustellen, dass unsere Prozesse, Schnittstellen und Methoden geeignet sind die Forderungen der Kunden zu erf\u00fcllen und uns im Sinne der kontinuierlichen Verbesserung weiterzuentwickeln.<br \/>\nIm Mai 2023 wurden wir nach ISO 9001:2015 durch DQS rezertifiziert.<\/p>\n<p><strong><br \/>\nArbeitsschutz<\/strong><\/p>\n<p>Als erste Werkstatt in Deutschland erf\u00fcllt die Lebenshilfe Aachen Werkst\u00e4tten &amp; Service GmbH seit 2005 gleichzeitig auch die Kriterien der MAAS-BGW (Managementanforderungen zum Arbeitsschutz der Berufsgenossenschaft f\u00fcr Gesundheitsdienst und Wohlfahrtspflege). Hierbei geht es darum, mit den Methoden des Qualit\u00e4tsmanagements die Zahl von Arbeitsunf\u00e4llen und arbeitsbedingten Erkrankungen zu reduzieren.<br \/>\nIm Mai 2023 wurden wir nach MAAS im Arbeitsschutz durch DQS rezertifiziert.<\/p>\n<p>&nbsp;<\/p>\n<p><strong>Qualit\u00e4tssicherung im Berufsbildungsbereich nach AZAV<\/strong><\/p>\n<p>Wir sind au\u00dferdem zugelassener Tr\u00e4ger der Arbeitsf\u00f6rderung nach \u00a7 178 SGB III in Verbindung mit der Akkreditierungs- und Zulassungsverordnung Arbeitsf\u00f6rderung (AZAV) f\u00fcr die Fachbereiche FB6 gem\u00e4\u00df \u00a75 AZAV. Alle Tr\u00e4ger von Ma\u00dfnahmen der Arbeitsf\u00f6rderung m\u00fcssen seit 2013 eine Zulassung besitzen. Dazu geh\u00f6ren auch die Tr\u00e4ger, die allgemeine und besondere Leistungen zur Teilhabe behinderter Menschen am Arbeitsleben nach \u00a7231 ff. SGB IX erbringen. Dazu z\u00e4hlen auch das Eingangsverfahren und der Berufsbildungsbereich der Werkst\u00e4tten f\u00fcr behinderte Menschen. Die AZAV fordert von den Leistungserbringern ein System zur Sicherung der Qualit\u00e4t. Dies, so definiert die AZAV n\u00e4her, liege vor, wenn durch zielgerichtete und systematische Verfahren und Ma\u00dfnahmen die Qualit\u00e4t der Leistungen gew\u00e4hrleistet und kontinuierlich verbessert wird. Seit Juli 2017 sind wir auch im Bereich Ma\u00dfnahmen der Berufswahl und Berufsausbildung nach AZAV zertifiziert.<br \/>\nIm Mai 2023 wurden wir nach AZAV durch DQS im ersten Jahr nach Rezertifizierung durch DQS \u00fcberwacht.<\/p>\n<p>\n","protected":false},"excerpt":{"rendered":"<p>Unser Unternehmen verf\u00fcgt \u00fcber ein integriertes Managementsystem und ist nach ISO 9001 zertifiziert. <\/p>\n","protected":false},"author":1,"featured_media":1063,"parent":5,"menu_order":28,"comment_status":"closed","ping_status":"closed","template":"","meta":{"_acf_changed":false,"footnotes":""},"class_list":["post-145","page","type-page","status-publish","has-post-thumbnail","hentry"],"acf":[],"_links":{"self":[{"href":"https:\/\/werkstatt-ac.de\/index.php?rest_route=\/wp\/v2\/pages\/145","targetHints":{"allow":["GET"]}}],"collection":[{"href":"https:\/\/werkstatt-ac.de\/index.php?rest_route=\/wp\/v2\/pages"}],"about":[{"href":"https:\/\/werkstatt-ac.de\/index.php?rest_route=\/wp\/v2\/types\/page"}],"author":[{"embeddable":true,"href":"https:\/\/werkstatt-ac.de\/index.php?rest_route=\/wp\/v2\/users\/1"}],"replies":[{"embeddable":true,"href":"https:\/\/werkstatt-ac.de\/index.php?rest_route=%2Fwp%2Fv2%2Fcomments&post=145"}],"version-history":[{"count":20,"href":"https:\/\/werkstatt-ac.de\/index.php?rest_route=\/wp\/v2\/pages\/145\/revisions"}],"predecessor-version":[{"id":4366,"href":"https:\/\/werkstatt-ac.de\/index.php?rest_route=\/wp\/v2\/pages\/145\/revisions\/4366"}],"up":[{"embeddable":true,"href":"https:\/\/werkstatt-ac.de\/index.php?rest_route=\/wp\/v2\/pages\/5"}],"wp:featuredmedia":[{"embeddable":true,"href":"https:\/\/werkstatt-ac.de\/index.php?rest_route=\/wp\/v2\/media\/1063"}],"wp:attachment":[{"href":"https:\/\/werkstatt-ac.de\/index.php?rest_route=%2Fwp%2Fv2%2Fmedia&parent=145"}],"curies":[{"name":"wp","href":"https:\/\/api.w.org\/{rel}","templated":true}]}}