{"id":151,"date":"2016-01-11T18:01:34","date_gmt":"2016-01-11T17:01:34","guid":{"rendered":"https:\/\/werkstatt-ac.de\/?page_id=151"},"modified":"2025-04-11T10:27:10","modified_gmt":"2025-04-11T08:27:10","slug":"intro","status":"publish","type":"page","link":"https:\/\/werkstatt-ac.de\/?page_id=151","title":{"rendered":"Sozialer Dienst"},"content":{"rendered":"<button id=\"bb1\" type=\"button\" value=\"Play\" class=\"responsivevoice-button\" title=\"ResponsiveVoice Tap to Start\/Stop Speech\"><span>&#128266; Vorlesen<\/span><\/button>\n        <script>\n            bb1.onclick = function(){\n                if(responsiveVoice.isPlaying()){\n                    responsiveVoice.cancel();\n                }else{\n                    responsiveVoice.speak(\"Der soziale Dienst Im Mittelpunkt unserer Arbeit steht der Mensch mit seinen beruflichen W\u00fcnschen und Perspektiven. Unser Ziel ist es, unseren Besch\u00e4ftigten die Teilhabe am Arbeitsleben zu erm\u00f6glichen. Gemeinsam mit dem Mitarbeiter oder der Mitarbeiterin wollen wir seine\/ihre beruflichen Interessen herausfinden, f\u00f6rdern und im Arbeitsalltag begleiten. \u2028\u2028Hierbei unterst\u00fctzt der Soziale Dienst. Seine Aufgaben sind in drei Bereiche aufgeteilt: Allgemeiner Sozialer Dienst Die Mitarbeiterinnen und Mitarbeiter des Allgemeinen Sozialen Dienstes beraten und begleiten die Besch\u00e4ftigten auf ihrem beruflichen Weg, unterst\u00fctzen bei Fragen und Problemen im Arbeitsalltag und sind Ansprechperson f\u00fcr Angeh\u00f6rige und Betreuer. Case Management Die Mitarbeiterinnen des Case Managements besprechen mit dem Besch\u00e4ftigten seine beruflichen W\u00fcnsche und Ziele, planen gemeinsam Hilfen und Ma\u00dfnahmen und beantragen die ben\u00f6tigten Hilfen beim Leistungstr\u00e4ger. Der Berufsbildungsbereich Die Mitarbeiterinnen des Berufsbildungsbereiches begleiten den Aufnahmeprozess, steuern die Prozesse f\u00fcr Praktika und sind Ansprechpartner f\u00fcr Schulen, Eltern und Teilnehmer und setzen die Ma\u00dfnahme der Beruflichen Bildung in Zusammenarbeit mit den Leistungstr\u00e4gern um. Informationen \u00fcber das pers\u00f6nliche Budget finden Sie hier (Leichte Sprache): Das pers\u00f6nliche Budget Unser Gewaltschutzkonzept finden Sie hier: Konzept zum Schutz vor Gewalt, Grenzverletzungen und \u00dcbergriffen\", \"Deutsch Female\");\n                }\n            };\n        <\/script>\n    <\/p>\n<h1>Der soziale Dienst<\/h1>\n<p>Im Mittelpunkt unserer Arbeit steht der Mensch mit seinen beruflichen W\u00fcnschen und Perspektiven.<\/p>\n<p>Unser Ziel ist es, unseren Besch\u00e4ftigten die Teilhabe am Arbeitsleben zu erm\u00f6glichen. Gemeinsam mit dem Mitarbeiter oder der Mitarbeiterin wollen wir seine\/ihre beruflichen Interessen herausfinden, f\u00f6rdern und im Arbeitsalltag begleiten. \u2028\u2028Hierbei unterst\u00fctzt der Soziale Dienst.<\/p>\n<p>Seine Aufgaben sind in drei Bereiche aufgeteilt:<\/p>\n<p><strong>Allgemeiner Sozialer Dienst<\/strong><br \/>\nDie Mitarbeiterinnen und Mitarbeiter des Allgemeinen Sozialen Dienstes<\/p>\n<ul>\n<li>beraten und begleiten die Besch\u00e4ftigten auf ihrem beruflichen Weg,<\/li>\n<li>unterst\u00fctzen bei Fragen und Problemen im Arbeitsalltag und<\/li>\n<li>sind Ansprechperson f\u00fcr Angeh\u00f6rige und Betreuer.<\/li>\n<\/ul>\n<p><strong>Case Management<\/strong><br \/>\nDie Mitarbeiterinnen des Case Managements<\/p>\n<ul>\n<li>besprechen mit dem Besch\u00e4ftigten seine beruflichen W\u00fcnsche und Ziele,<\/li>\n<li>planen gemeinsam Hilfen und Ma\u00dfnahmen und<\/li>\n<li>beantragen die ben\u00f6tigten Hilfen beim Leistungstr\u00e4ger.<\/li>\n<\/ul>\n<p><strong>Der Berufsbildungsbereich<\/strong><br \/>\nDie Mitarbeiterinnen des Berufsbildungsbereiches<\/p>\n<ul>\n<li>begleiten den <a href=\"https:\/\/werkstatt-ac.de\/?page_id=153\" target=\"_blank\" rel=\"noopener\">Aufnahmeprozess,<\/a><\/li>\n<li>steuern die Prozesse f\u00fcr Praktika und sind Ansprechpartner f\u00fcr Schulen, Eltern und Teilnehmer<\/li>\n<li>und setzen die Ma\u00dfnahme der Beruflichen Bildung in Zusammenarbeit mit den Leistungstr\u00e4gern um.<\/li>\n<\/ul>\n<p><strong>Informationen \u00fcber das pers\u00f6nliche Budget finden Sie hier (Leichte Sprache):<\/strong><\/p>\n<ul>\n<li><a href=\"https:\/\/werkstatt-ac.de\/wp-content\/uploads\/2023\/11\/Das-persoenliche-Budget.pdf\" target=\"_blank\" rel=\"noopener noreferrer\">Das pers\u00f6nliche Budget<\/a><\/li>\n<\/ul>\n<p><strong>Unser Gewaltschutzkonzept finden Sie hier:<\/strong><\/p>\n<ul>\n<li><a href=\"https:\/\/werkstatt-ac.de\/?page_id=4185\" target=\"_blank\" rel=\"noopener\">Konzept zum Schutz vor Gewalt, Grenzverletzungen und \u00dcbergriffen<\/a><\/li>\n<\/ul>\n<p>&nbsp;<\/p>\n<p>\n","protected":false},"excerpt":{"rendered":"<p>Menschen mit Behinderung haben ein Recht auf berufliche Teilhabe. Dazu gibt es oft viele Fragen. Wir beraten Sie gern.<\/p>\n","protected":false},"author":1,"featured_media":749,"parent":2,"menu_order":10,"comment_status":"closed","ping_status":"closed","template":"","meta":{"_acf_changed":false,"footnotes":""},"class_list":["post-151","page","type-page","status-publish","has-post-thumbnail","hentry"],"acf":[],"_links":{"self":[{"href":"https:\/\/werkstatt-ac.de\/index.php?rest_route=\/wp\/v2\/pages\/151","targetHints":{"allow":["GET"]}}],"collection":[{"href":"https:\/\/werkstatt-ac.de\/index.php?rest_route=\/wp\/v2\/pages"}],"about":[{"href":"https:\/\/werkstatt-ac.de\/index.php?rest_route=\/wp\/v2\/types\/page"}],"author":[{"embeddable":true,"href":"https:\/\/werkstatt-ac.de\/index.php?rest_route=\/wp\/v2\/users\/1"}],"replies":[{"embeddable":true,"href":"https:\/\/werkstatt-ac.de\/index.php?rest_route=%2Fwp%2Fv2%2Fcomments&post=151"}],"version-history":[{"count":95,"href":"https:\/\/werkstatt-ac.de\/index.php?rest_route=\/wp\/v2\/pages\/151\/revisions"}],"predecessor-version":[{"id":4784,"href":"https:\/\/werkstatt-ac.de\/index.php?rest_route=\/wp\/v2\/pages\/151\/revisions\/4784"}],"up":[{"embeddable":true,"href":"https:\/\/werkstatt-ac.de\/index.php?rest_route=\/wp\/v2\/pages\/2"}],"wp:featuredmedia":[{"embeddable":true,"href":"https:\/\/werkstatt-ac.de\/index.php?rest_route=\/wp\/v2\/media\/749"}],"wp:attachment":[{"href":"https:\/\/werkstatt-ac.de\/index.php?rest_route=%2Fwp%2Fv2%2Fmedia&parent=151"}],"curies":[{"name":"wp","href":"https:\/\/api.w.org\/{rel}","templated":true}]}}