{"id":1621,"date":"2018-01-29T12:05:12","date_gmt":"2018-01-29T11:05:12","guid":{"rendered":"https:\/\/werkstatt-ac.de\/?page_id=1621"},"modified":"2021-01-12T14:05:10","modified_gmt":"2021-01-12T13:05:10","slug":"biap-betriebsintegrierter-arbeitsplatz","status":"publish","type":"page","link":"https:\/\/werkstatt-ac.de\/?page_id=1621","title":{"rendered":"BiAP &#8211; Betriebsintegrierter Arbeitsplatz"},"content":{"rendered":"<button id=\"bb1\" type=\"button\" value=\"Play\" class=\"responsivevoice-button\" title=\"ResponsiveVoice Tap to Start\/Stop Speech\"><span>&#128266; Vorlesen<\/span><\/button>\n        <script>\n            bb1.onclick = function(){\n                if(responsiveVoice.isPlaying()){\n                    responsiveVoice.cancel();\n                }else{\n                    responsiveVoice.speak(\"Was ist ein betriebsintegrierter Arbeitsplatz? Ein betriebsintegrierter Arbeitsplatz ist ein Arbeitsplatz, den ein Besch\u00e4ftigter der Werkstatt in einem Betrieb des allgemeinen Arbeitsmarktes ausf\u00fcllt. Er arbeitet also nicht in unseren R\u00e4umen, sondern geht jeden Tag in den Partnerbetrieb zur Arbeit. Dabei bleibt er Besch\u00e4ftigter der Werkstatt und er hat das Recht, jederzeit in die Werkstatt zur\u00fcckzukehren. F\u00fcr die Arbeitsleistung unserer Besch\u00e4ftigten zahlt der Betrieb einen individuell\u00a0vereinbarten Betrag an die Werkstatt. Wenn beide Seiten mit den Arbeitsbedingungen\u00a0und Leistungen zufrieden sind, kann im Einzelfall auch ein versicherungspflichtiges Arbeitsverh\u00e4ltnis entstehen. Einzel- oder Gruppenarbeitsplatz: Beides geht Die Besch\u00e4ftigten, die in einem Einzelarbeitsverh\u00e4ltnis bei einem Unternehmen arbeiten, werden seit 2016 von unserem Tochterunternehmen LEWAC betreut. Zurzeit sind 52 Mitarbeiter in verschiedensten Branchen und Arbeitsbereichen t\u00e4tig, zum Beispiel in der Hauswirtschaft, Verpackung, Medizintechnik, im Metallbau und in der Gastronomie bzw. im Service. Gr\u00f6\u00dfere Gruppen bei einem Partnerbetrieb werden wie bisher vom sozialen Dienst\u00a0der Werkstatt betreut.\u00a0Au\u00dferdem ist immer ein Gruppenleiter der Werkstatt mit vor Ort. Zurzeit sind bei den Firmen Vygon und Zentis je zehn Besch\u00e4ftigte und bei Pro-Idee 32 Besch\u00e4ftigte im Einsatz. Ansprechpartner f\u00fcr Au\u00dfenarbeitsgruppen ist der soziale Dienst. Vorteile f\u00fcr Unternehmen F\u00fcr Arbeitgeber bietet die Einrichtung von betriebsintegrierten Arbeitspl\u00e4tzen vor allem den Vorteil, dass sie ihr Fachpersonal von einfachen T\u00e4tigkeiten entlasten und damit flexibler einsetzen k\u00f6nnen. Die LEWAC hat vielf\u00e4ltige Erfahrung darin, solche T\u00e4tigkeiten zu identifizieren und sie zu einem neuen Nischen\u201c-Arbeitsplatz zusammenzuf\u00fchren. Das gilt f\u00fcr alle Branchen. Wichtig ist au\u00dferdem, dass die Zusammenarbeit m\u00f6glichst unb\u00fcrokratisch abl\u00e4uft, bei Problemen kurzfristig reagiert und f\u00fcr jede Herausforderung eine individuelle L\u00f6sung gefunden wird. Die Arbeitgeber sch\u00e4tzen das Engagement und die Zuverl\u00e4ssigkeit der Besch\u00e4ftigten und sind bereit \u2013 mit Unterst\u00fctzung der LEWAC \u2013 realistische Arbeitsbedingungen zu schaffen, die f\u00fcr beide Seiten zu einer Win-win Situation f\u00fchren.\", \"Deutsch Female\");\n                }\n            };\n        <\/script>\n    <\/p>\n<h1>Was ist ein betriebsintegrierter Arbeitsplatz?<\/h1>\n<p>Ein betriebsintegrierter Arbeitsplatz ist ein Arbeitsplatz, den ein Besch\u00e4ftigter der Werkstatt in einem Betrieb des allgemeinen Arbeitsmarktes ausf\u00fcllt. Er arbeitet also nicht in unseren R\u00e4umen, sondern geht jeden Tag in den Partnerbetrieb zur Arbeit. Dabei bleibt er Besch\u00e4ftigter der Werkstatt und er hat das Recht, jederzeit in die Werkstatt zur\u00fcckzukehren. F\u00fcr die Arbeitsleistung unserer Besch\u00e4ftigten zahlt der Betrieb einen individuell\u00a0vereinbarten Betrag an die Werkstatt. Wenn beide Seiten mit den Arbeitsbedingungen\u00a0und Leistungen zufrieden sind, kann im Einzelfall auch ein versicherungspflichtiges Arbeitsverh\u00e4ltnis entstehen.<\/p>\n<h2>Einzel- oder Gruppenarbeitsplatz: Beides geht<\/h2>\n<p>Die Besch\u00e4ftigten, die in einem Einzelarbeitsverh\u00e4ltnis bei einem Unternehmen arbeiten, werden seit 2016 von unserem Tochterunternehmen <u>LEWAC<\/u> betreut. Zurzeit sind 52 Mitarbeiter in verschiedensten Branchen und Arbeitsbereichen t\u00e4tig, zum Beispiel in der Hauswirtschaft, Verpackung, Medizintechnik, im Metallbau und in der Gastronomie bzw. im Service. Gr\u00f6\u00dfere Gruppen bei einem Partnerbetrieb werden wie bisher vom sozialen Dienst\u00a0der Werkstatt betreut.\u00a0Au\u00dferdem ist immer ein Gruppenleiter der Werkstatt mit vor Ort. Zurzeit sind bei den Firmen Vygon und Zentis je zehn Besch\u00e4ftigte und bei Pro-Idee 32 Besch\u00e4ftigte im Einsatz. Ansprechpartner f\u00fcr Au\u00dfenarbeitsgruppen ist der soziale Dienst.<\/p>\n<h2>Vorteile f\u00fcr Unternehmen<\/h2>\n<p>F\u00fcr Arbeitgeber bietet die Einrichtung von betriebsintegrierten Arbeitspl\u00e4tzen vor allem den Vorteil, dass sie ihr Fachpersonal von einfachen T\u00e4tigkeiten entlasten und damit flexibler einsetzen k\u00f6nnen. Die LEWAC hat vielf\u00e4ltige Erfahrung darin, solche T\u00e4tigkeiten zu identifizieren und sie zu einem neuen Nischen\u201c-Arbeitsplatz zusammenzuf\u00fchren. Das gilt f\u00fcr alle Branchen. Wichtig ist au\u00dferdem, dass die Zusammenarbeit m\u00f6glichst unb\u00fcrokratisch abl\u00e4uft, bei Problemen kurzfristig reagiert und f\u00fcr jede Herausforderung eine individuelle L\u00f6sung gefunden wird. Die Arbeitgeber sch\u00e4tzen das Engagement und die Zuverl\u00e4ssigkeit der Besch\u00e4ftigten und sind bereit \u2013 mit Unterst\u00fctzung der LEWAC \u2013 realistische Arbeitsbedingungen zu schaffen, die f\u00fcr beide Seiten zu einer Win-win Situation f\u00fchren.<\/p>\n<p>\n","protected":false},"excerpt":{"rendered":"<p>Vom Medizintechnikunternehmen Vygon \u00fcber das Versandhaus Pro-Idee bis hin zum Jugendg\u00e4stehaus Aachen \u2013 immer mehr Betriebe nutzen unser Angebot zur Schaffung von betriebsintegrierten Arbeitspl\u00e4tzen. F\u00fcr alle Beteiligten hat diese Besch\u00e4ftigungsform einen hohen Mehrwert.<\/p>\n","protected":false},"author":101010,"featured_media":1619,"parent":5,"menu_order":21,"comment_status":"closed","ping_status":"closed","template":"","meta":{"_acf_changed":false,"footnotes":""},"class_list":["post-1621","page","type-page","status-publish","has-post-thumbnail","hentry"],"acf":[],"_links":{"self":[{"href":"https:\/\/werkstatt-ac.de\/index.php?rest_route=\/wp\/v2\/pages\/1621","targetHints":{"allow":["GET"]}}],"collection":[{"href":"https:\/\/werkstatt-ac.de\/index.php?rest_route=\/wp\/v2\/pages"}],"about":[{"href":"https:\/\/werkstatt-ac.de\/index.php?rest_route=\/wp\/v2\/types\/page"}],"author":[{"embeddable":true,"href":"https:\/\/werkstatt-ac.de\/index.php?rest_route=\/wp\/v2\/users\/101010"}],"replies":[{"embeddable":true,"href":"https:\/\/werkstatt-ac.de\/index.php?rest_route=%2Fwp%2Fv2%2Fcomments&post=1621"}],"version-history":[{"count":11,"href":"https:\/\/werkstatt-ac.de\/index.php?rest_route=\/wp\/v2\/pages\/1621\/revisions"}],"predecessor-version":[{"id":3514,"href":"https:\/\/werkstatt-ac.de\/index.php?rest_route=\/wp\/v2\/pages\/1621\/revisions\/3514"}],"up":[{"embeddable":true,"href":"https:\/\/werkstatt-ac.de\/index.php?rest_route=\/wp\/v2\/pages\/5"}],"wp:featuredmedia":[{"embeddable":true,"href":"https:\/\/werkstatt-ac.de\/index.php?rest_route=\/wp\/v2\/media\/1619"}],"wp:attachment":[{"href":"https:\/\/werkstatt-ac.de\/index.php?rest_route=%2Fwp%2Fv2%2Fmedia&parent=1621"}],"curies":[{"name":"wp","href":"https:\/\/api.w.org\/{rel}","templated":true}]}}