{"id":163,"date":"2016-01-11T18:03:56","date_gmt":"2016-01-11T17:03:56","guid":{"rendered":"https:\/\/werkstatt-ac.de\/?page_id=163"},"modified":"2021-01-12T13:59:22","modified_gmt":"2021-01-12T12:59:22","slug":"uebergang-allg-arbeitsmarkt","status":"publish","type":"page","link":"https:\/\/werkstatt-ac.de\/?page_id=163","title":{"rendered":"\u00dcbergang Arbeitsmarkt"},"content":{"rendered":"<button id=\"bb1\" type=\"button\" value=\"Play\" class=\"responsivevoice-button\" title=\"ResponsiveVoice Tap to Start\/Stop Speech\"><span>&#128266; Vorlesen<\/span><\/button>\n        <script>\n            bb1.onclick = function(){\n                if(responsiveVoice.isPlaying()){\n                    responsiveVoice.cancel();\n                }else{\n                    responsiveVoice.speak(\"Arbeiten au\u00dferhalb der Werkstatt Es gibt bei uns Arbeits-Pl\u00e4tze, wo man in einem anderen Betrieb mitarbeitet. Das ist ein Au\u00dfen-Arbeitsplatz. Wir haben zum Beispiel Au\u00dfen-Arbeitspl\u00e4tze bei verschiedenen Aachener Firmen. Hier wird in Gruppen gearbeitet. Ein Gruppenleiter der Werkstatt ist immer dabei. Betriebsintegrierte Arbeispl\u00e4tze Betriebsintegrierte Arbeitspl\u00e4tze sind Arbeitsstellen auf dem 1. Arbeits-Markt. Sie sind f\u00fcr Menschen, die bisher in den Werkst\u00e4tten arbeiten. Wenn sie gerne eine Arbeitsstelle auf dem 1. Arbeits-Markt ausprobieren m\u00f6chten, wird ihnen geholfen. Wenn sie die Arbeit dort alleine erledigen k\u00f6nnen, kann der Betrieb ihnen vielleicht eine Arbeitsstelle anbieten. Sie wechseln dann von der Werkstatt auf diese Arbeitsstelle. F\u00fcr die Einarbeitung haben sie so viel Zeit, wie sie brauchen. Integrations-Unternehmen Manche Unternehmen auf dem 1. Arbeits-Markt stellen besonders viele Menschen mit Behinderung ein. In ihnen arbeiten Menschen mit Behinderung und ohne Behinderung zusammen. Diese Unternehmen haben einen besonderen Namen. Sie hei\u00dfen Integrations-Unternehmen.\", \"Deutsch Female\");\n                }\n            };\n        <\/script>\n    <\/p>\n<h1>Arbeiten au\u00dferhalb der Werkstatt<\/h1>\n<p>Es gibt bei uns Arbeits-Pl\u00e4tze, wo man in einem anderen Betrieb mitarbeitet. Das ist ein Au\u00dfen-Arbeitsplatz. Wir haben zum Beispiel Au\u00dfen-Arbeitspl\u00e4tze bei verschiedenen Aachener Firmen. Hier wird in Gruppen gearbeitet. Ein Gruppenleiter der Werkstatt ist immer dabei.<\/p>\n<h2>Betriebsintegrierte Arbeispl\u00e4tze<\/h2>\n<p>Betriebsintegrierte Arbeitspl\u00e4tze sind Arbeitsstellen auf dem 1. Arbeits-Markt. Sie sind f\u00fcr Menschen, die bisher in den Werkst\u00e4tten arbeiten. Wenn sie gerne eine Arbeitsstelle auf dem 1. Arbeits-Markt ausprobieren m\u00f6chten, wird ihnen geholfen. Wenn sie die Arbeit dort alleine erledigen k\u00f6nnen, kann der Betrieb ihnen vielleicht eine Arbeitsstelle anbieten. Sie wechseln dann von der Werkstatt auf diese Arbeitsstelle. F\u00fcr die Einarbeitung haben sie so viel Zeit, wie sie brauchen.<\/p>\n<h2>Integrations-Unternehmen<\/h2>\n<p>Manche Unternehmen auf dem 1. Arbeits-Markt stellen besonders viele Menschen mit Behinderung ein. In ihnen arbeiten Menschen mit Behinderung und ohne Behinderung zusammen. Diese Unternehmen haben einen besonderen Namen. Sie hei\u00dfen Integrations-Unternehmen.<br \/>\n\n","protected":false},"excerpt":{"rendered":"<p>Wir f\u00f6rdern den \u00dcbergang auf den ersten Arbeitsmarkt. Hier stellen wir unsere M\u00f6glichkeiten vor (Au\u00dfenarbeitsgruppen, Betriebsintegrierte Arbeitspl\u00e4tze, Integrations-Unternehmen).<\/p>\n","protected":false},"author":1,"featured_media":735,"parent":2,"menu_order":14,"comment_status":"closed","ping_status":"closed","template":"","meta":{"_acf_changed":false,"footnotes":""},"class_list":["post-163","page","type-page","status-publish","has-post-thumbnail","hentry"],"acf":[],"_links":{"self":[{"href":"https:\/\/werkstatt-ac.de\/index.php?rest_route=\/wp\/v2\/pages\/163","targetHints":{"allow":["GET"]}}],"collection":[{"href":"https:\/\/werkstatt-ac.de\/index.php?rest_route=\/wp\/v2\/pages"}],"about":[{"href":"https:\/\/werkstatt-ac.de\/index.php?rest_route=\/wp\/v2\/types\/page"}],"author":[{"embeddable":true,"href":"https:\/\/werkstatt-ac.de\/index.php?rest_route=\/wp\/v2\/users\/1"}],"replies":[{"embeddable":true,"href":"https:\/\/werkstatt-ac.de\/index.php?rest_route=%2Fwp%2Fv2%2Fcomments&post=163"}],"version-history":[{"count":12,"href":"https:\/\/werkstatt-ac.de\/index.php?rest_route=\/wp\/v2\/pages\/163\/revisions"}],"predecessor-version":[{"id":3513,"href":"https:\/\/werkstatt-ac.de\/index.php?rest_route=\/wp\/v2\/pages\/163\/revisions\/3513"}],"up":[{"embeddable":true,"href":"https:\/\/werkstatt-ac.de\/index.php?rest_route=\/wp\/v2\/pages\/2"}],"wp:featuredmedia":[{"embeddable":true,"href":"https:\/\/werkstatt-ac.de\/index.php?rest_route=\/wp\/v2\/media\/735"}],"wp:attachment":[{"href":"https:\/\/werkstatt-ac.de\/index.php?rest_route=%2Fwp%2Fv2%2Fmedia&parent=163"}],"curies":[{"name":"wp","href":"https:\/\/api.w.org\/{rel}","templated":true}]}}