{"id":169,"date":"2016-01-11T18:04:29","date_gmt":"2016-01-11T17:04:29","guid":{"rendered":"https:\/\/werkstatt-ac.de\/?page_id=169"},"modified":"2026-03-06T14:33:04","modified_gmt":"2026-03-06T13:33:04","slug":"cafe-life","status":"publish","type":"page","link":"https:\/\/werkstatt-ac.de\/?page_id=169","title":{"rendered":"Caf\u00e9 Life"},"content":{"rendered":"<button id=\"bb1\" type=\"button\" value=\"Play\" class=\"responsivevoice-button\" title=\"ResponsiveVoice Tap to Start\/Stop Speech\"><span>&#128266; Vorlesen<\/span><\/button>\n        <script>\n            bb1.onclick = function(){\n                if(responsiveVoice.isPlaying()){\n                    responsiveVoice.cancel();\n                }else{\n                    responsiveVoice.speak(\"Verw\u00f6hnen Sie sich und Ihre G\u00e4ste Ob Jubil\u00e4um, Hochzeit oder runder Geburtstag \u2013 wir verw\u00f6hnen Ihre Festg\u00e4ste mit einem individuellen und au\u00dfergew\u00f6hnlichen Catering. Auf Wunsch stellen wir auch das Servicepersonal zur Verf\u00fcgung. Anfrage Sie haben etwas zu feiern? Sie wollen sicher gehen, dass das Buffet oder das Men\u00fc au\u00dfergew\u00f6hnlich ist und Ihre G\u00e4ste zufrieden nach Hause gehen? Dann lassen Sie sich von unserem erfahrenen K\u00fcchenchef individuell und kostenlos beraten. Er kommt gerne bei Ihnen vorbei, um Ihre W\u00fcnsche und Vorstellungen pers\u00f6nlich mit Ihnen zu besprechen. Weitere Informationen finden Sie auch unter www.cafelife-ac.com\", \"Deutsch Female\");\n                }\n            };\n        <\/script>\n    <\/p>\n<h1>Verw\u00f6hnen Sie sich und Ihre G\u00e4ste<\/h1>\n<p><a href=\"http:\/\/www.cafelife-ac.com\/\" target=\"_blank\" rel=\"noopener noreferrer\"><img loading=\"lazy\" decoding=\"async\" class=\"alignnone size-medium wp-image-1027\" src=\"https:\/\/werkstatt-ac.de\/wp-content\/uploads\/2016\/01\/Logo-Cafe\u0301-Life_grau_quer-1-300x101-1-300x101.png\" alt=\"\" width=\"300\" height=\"101\" srcset=\"https:\/\/werkstatt-ac.de\/wp-content\/uploads\/2016\/01\/Logo-Cafe\u0301-Life_grau_quer-1-300x101-1.png 300w, https:\/\/werkstatt-ac.de\/wp-content\/uploads\/2016\/01\/Logo-Cafe\u0301-Life_grau_quer-1-300x101-1-168x57.png 168w\" sizes=\"auto, (max-width: 300px) 100vw, 300px\" \/><\/a><\/p>\n<p>&nbsp;<\/p>\n<p>Ob Jubil\u00e4um, Hochzeit oder runder Geburtstag \u2013 wir verw\u00f6hnen Ihre Festg\u00e4ste mit einem individuellen und au\u00dfergew\u00f6hnlichen Catering. Auf Wunsch stellen wir auch das Servicepersonal zur Verf\u00fcgung.<\/p>\n<h2>Anfrage<\/h2>\n<p>Sie haben etwas zu feiern? Sie wollen sicher gehen, dass das Buffet oder das Men\u00fc au\u00dfergew\u00f6hnlich ist und Ihre G\u00e4ste zufrieden nach Hause gehen? Dann lassen Sie sich von unserem erfahrenen K\u00fcchenchef individuell und kostenlos beraten. Er kommt gerne bei Ihnen vorbei, um Ihre W\u00fcnsche und Vorstellungen pers\u00f6nlich mit Ihnen zu besprechen.<\/p>\n<p>Weitere Informationen finden Sie auch unter <a href=\"http:\/\/www.cafelife-ac.com\" target=\"_blank\" rel=\"noopener noreferrer\">www.cafelife-ac.com<\/a><br \/>\n\n","protected":false},"excerpt":{"rendered":"<p>Ob Firmenjubil\u00e4um, Hochzeit oder runder Geburtstag &#8211; wir bieten Ihnen ein au\u00dfergew\u00f6hnliches Catering f\u00fcr Ihr Fest.<\/p>\n","protected":false},"author":1,"featured_media":989,"parent":7,"menu_order":16,"comment_status":"closed","ping_status":"closed","template":"","meta":{"_acf_changed":false,"footnotes":""},"class_list":["post-169","page","type-page","status-publish","has-post-thumbnail","hentry"],"acf":[],"_links":{"self":[{"href":"https:\/\/werkstatt-ac.de\/index.php?rest_route=\/wp\/v2\/pages\/169","targetHints":{"allow":["GET"]}}],"collection":[{"href":"https:\/\/werkstatt-ac.de\/index.php?rest_route=\/wp\/v2\/pages"}],"about":[{"href":"https:\/\/werkstatt-ac.de\/index.php?rest_route=\/wp\/v2\/types\/page"}],"author":[{"embeddable":true,"href":"https:\/\/werkstatt-ac.de\/index.php?rest_route=\/wp\/v2\/users\/1"}],"replies":[{"embeddable":true,"href":"https:\/\/werkstatt-ac.de\/index.php?rest_route=%2Fwp%2Fv2%2Fcomments&post=169"}],"version-history":[{"count":23,"href":"https:\/\/werkstatt-ac.de\/index.php?rest_route=\/wp\/v2\/pages\/169\/revisions"}],"predecessor-version":[{"id":4860,"href":"https:\/\/werkstatt-ac.de\/index.php?rest_route=\/wp\/v2\/pages\/169\/revisions\/4860"}],"up":[{"embeddable":true,"href":"https:\/\/werkstatt-ac.de\/index.php?rest_route=\/wp\/v2\/pages\/7"}],"wp:featuredmedia":[{"embeddable":true,"href":"https:\/\/werkstatt-ac.de\/index.php?rest_route=\/wp\/v2\/media\/989"}],"wp:attachment":[{"href":"https:\/\/werkstatt-ac.de\/index.php?rest_route=%2Fwp%2Fv2%2Fmedia&parent=169"}],"curies":[{"name":"wp","href":"https:\/\/api.w.org\/{rel}","templated":true}]}}