{"id":171,"date":"2016-01-11T18:04:52","date_gmt":"2016-01-11T17:04:52","guid":{"rendered":"https:\/\/werkstatt-ac.de\/?page_id=171"},"modified":"2017-11-14T09:52:14","modified_gmt":"2017-11-14T08:52:14","slug":"gartenpflege","status":"publish","type":"page","link":"https:\/\/werkstatt-ac.de\/?page_id=171","title":{"rendered":"Gartenpflege"},"content":{"rendered":"<button id=\"bb1\" type=\"button\" value=\"Play\" class=\"responsivevoice-button\" title=\"ResponsiveVoice Tap to Start\/Stop Speech\"><span>&#128266; Vorlesen<\/span><\/button>\n        <script>\n            bb1.onclick = function(){\n                if(responsiveVoice.isPlaying()){\n                    responsiveVoice.cancel();\n                }else{\n                    responsiveVoice.speak(\"Sch\u00f6ne G\u00e4rten, stabile Z\u00e4une, traumhafte Teiche Sie m\u00f6chten Ihren Garten, die Garageneinfahrt, den Hauseingang oder den Vorgarten neu anlegen, umgestalten oder pflegen lassen? Dann beraten wir Sie gerne und machen Ihnen ein unverbindliches, kostenloses Angebot. Unser ausgebildetes und qualifiziertes Fachpersonal f\u00fchrt folgende Arbeiten aus: Pflege im Privatgarten Geh\u00f6lzschnitte an Hecken, Str\u00e4uchern, Fassadenbegr\u00fcnung\u00a0 und B\u00e4umen Pflege von Beeten, R\u00fcckschnitt von Stauden und Rosen Rasenpflege durch Vertikutieren, Nachsaat und D\u00fcngung Entfernung von Unkraut auf befestigten Fl\u00e4chen ohne\u00a0 den Einsatz von Herbiziden viele weitere Leistungen auf Anfrage Bautechnik im Privatgarten Verlegen von Pflaster und Platten mit und ohne Natursteinelementen Holzterrassen aus Naturholz oder WPC B\u00f6schungssicherung mit Palisaden, Fertigmauern, Trockenmauern (Naturstein), L-Steinen usw. Treppenbau Zaunbau aus Holz, Metall, Masche, Beton usw. Teichbau aus Folie und Fertigbecken Raseneinsaaten und Rollrasen Pflanzungen\", \"Deutsch Female\");\n                }\n            };\n        <\/script>\n    <\/p>\n<h1>Sch\u00f6ne G\u00e4rten, stabile Z\u00e4une, traumhafte Teiche<\/h1>\n<p>Sie m\u00f6chten Ihren Garten, die Garageneinfahrt, den Hauseingang oder den Vorgarten neu anlegen, umgestalten oder pflegen lassen? Dann beraten wir Sie gerne und machen Ihnen ein unverbindliches, kostenloses Angebot. Unser ausgebildetes und qualifiziertes Fachpersonal f\u00fchrt folgende Arbeiten aus:<\/p>\n<h2>Pflege im Privatgarten<\/h2>\n<ul>\n<li>Geh\u00f6lzschnitte an Hecken, Str\u00e4uchern, Fassadenbegr\u00fcnung\u00a0 und B\u00e4umen<\/li>\n<li>Pflege von Beeten, R\u00fcckschnitt von Stauden und Rosen<\/li>\n<li>Rasenpflege durch Vertikutieren, Nachsaat und D\u00fcngung<\/li>\n<li>Entfernung von Unkraut auf befestigten Fl\u00e4chen ohne\u00a0 den Einsatz von Herbiziden<\/li>\n<li>viele weitere Leistungen auf Anfrage<\/li>\n<\/ul>\n<h2>Bautechnik im Privatgarten<\/h2>\n<ul>\n<li>Verlegen von Pflaster und Platten mit und ohne Natursteinelementen<\/li>\n<li>Holzterrassen aus Naturholz oder WPC<\/li>\n<li>B\u00f6schungssicherung mit Palisaden, Fertigmauern, Trockenmauern (Naturstein), L-Steinen usw.<\/li>\n<li>Treppenbau<\/li>\n<li>Zaunbau aus Holz, Metall, Masche, Beton usw.<\/li>\n<li>Teichbau aus Folie und Fertigbecken<\/li>\n<li>Raseneinsaaten und Rollrasen<\/li>\n<li>Pflanzungen<\/li>\n<\/ul>\n<p>\n","protected":false},"excerpt":{"rendered":"<p>F\u00fcr Privatkunden f\u00e4llen wir B\u00e4ume, schneiden Geh\u00f6lze, \u00fcbernehmen Pflaster- und Mauerarbeiten, ziehen Z\u00e4une, bauen Holzterrassen und legen Teiche an.<\/p>\n","protected":false},"author":1,"featured_media":1065,"parent":7,"menu_order":17,"comment_status":"closed","ping_status":"closed","template":"","meta":{"_acf_changed":false,"footnotes":""},"class_list":["post-171","page","type-page","status-publish","has-post-thumbnail","hentry"],"acf":[],"_links":{"self":[{"href":"https:\/\/werkstatt-ac.de\/index.php?rest_route=\/wp\/v2\/pages\/171","targetHints":{"allow":["GET"]}}],"collection":[{"href":"https:\/\/werkstatt-ac.de\/index.php?rest_route=\/wp\/v2\/pages"}],"about":[{"href":"https:\/\/werkstatt-ac.de\/index.php?rest_route=\/wp\/v2\/types\/page"}],"author":[{"embeddable":true,"href":"https:\/\/werkstatt-ac.de\/index.php?rest_route=\/wp\/v2\/users\/1"}],"replies":[{"embeddable":true,"href":"https:\/\/werkstatt-ac.de\/index.php?rest_route=%2Fwp%2Fv2%2Fcomments&post=171"}],"version-history":[{"count":14,"href":"https:\/\/werkstatt-ac.de\/index.php?rest_route=\/wp\/v2\/pages\/171\/revisions"}],"predecessor-version":[{"id":1463,"href":"https:\/\/werkstatt-ac.de\/index.php?rest_route=\/wp\/v2\/pages\/171\/revisions\/1463"}],"up":[{"embeddable":true,"href":"https:\/\/werkstatt-ac.de\/index.php?rest_route=\/wp\/v2\/pages\/7"}],"wp:featuredmedia":[{"embeddable":true,"href":"https:\/\/werkstatt-ac.de\/index.php?rest_route=\/wp\/v2\/media\/1065"}],"wp:attachment":[{"href":"https:\/\/werkstatt-ac.de\/index.php?rest_route=%2Fwp%2Fv2%2Fmedia&parent=171"}],"curies":[{"name":"wp","href":"https:\/\/api.w.org\/{rel}","templated":true}]}}