{"id":181,"date":"2016-01-11T18:06:13","date_gmt":"2016-01-11T17:06:13","guid":{"rendered":"https:\/\/werkstatt-ac.de\/?page_id=181"},"modified":"2025-01-22T16:15:21","modified_gmt":"2025-01-22T15:15:21","slug":"mitwirkung","status":"publish","type":"page","link":"https:\/\/werkstatt-ac.de\/?page_id=181","title":{"rendered":"Mitwirkung"},"content":{"rendered":"<button id=\"bb1\" type=\"button\" value=\"Play\" class=\"responsivevoice-button\" title=\"ResponsiveVoice Tap to Start\/Stop Speech\"><span>&#128266; Vorlesen<\/span><\/button>\n        <script>\n            bb1.onclick = function(){\n                if(responsiveVoice.isPlaying()){\n                    responsiveVoice.cancel();\n                }else{\n                    responsiveVoice.speak(\"Mitwirkung schreiben wir gro\u00df Unsere Mitarbeiterinnen und Mitarbeiter mit Behinderung und ihre Angeh\u00f6rigen haben weitgehende Mitbestimmungsrechte, ebenso wie das Fachpersonal. Werkstattrat Nach der Werkst\u00e4tten-Mitwirkungsverordnung wird der Werkstattrat, der die Interessen der Menschen mit Behinderung vertritt, alle vier Jahre gew\u00e4hlt. Aufgrund der Besch\u00e4ftigtenzahl von zurzeit rund 800 Mitarbeitern besteht der Rat aus sieben Personen. Vorsitzender ist Max Haberland (links). Elternbeirat Der Angeh\u00f6rigen-, Eltern- und Betreuerbeirat ist vor allem Ansprechpartner f\u00fcr die W\u00fcnsche und Probleme der Eltern und Betreuer. Der jetzige Elternbeirat hat 18 Mitglieder. Vorsitzender ist Bernhard Knauf. Betriebsrat Der Betriebsrat der Werkstatt vertritt die Interessen der rund 220 Mitarbeiter\/innen, ber\u00e4t sie bei Rechtsfragen und unterst\u00fctzt sie bei der Durchsetzung ihrer Rechte. Der Betriebsrat hat neun Mitglieder: Nicole Sorgun (Vorsitzende, Bild), Ren\u00e9 Mertens (stellv. Vorsitzender), Niklas Kappetein (\u00d6ffentlichkeitsarbeit), Udo Schumacher (Protokollf\u00fchrer), J\u00fcrgen Vondeberg, Robert Ervens, Dominic Bubbel, Andrea Moritz, Janina Schmitz. Frauenbeauftragte Nach dem neuen Bundesteilhabegesetz k\u00f6nnen die weiblichen Besch\u00e4ftigten in den Werkst\u00e4tten eine Frauenbeauftragte w\u00e4hlen. Bei uns gab es diese Position bereits im Rahmen eines Pilotprojekts. Im November 2017 fanden die Wahlen nun erstmals auch bei uns statt. Es gab neun Kandidatinnen. Als Frauenbeauftragte gew\u00e4hlt wurde Regina Offergeld. Sie war schon vorher im Werkstattrat aktiv. Ihre Vertrauensperson ist Marlies Janhsen. Schwerbehindertenvertretung Die Schwerbehindertenvertretung f\u00f6rdert die Eingliederung schwerbehinderter Menschen in unserem Betrieb, vertritt ihre Interessen und steht ihnen beratend und helfend zur Seite. Die Schwerbehindertenvertretung \u00fcbernehmen derzeit Andrea Heibach-Kohl und J\u00fcrgen Vondeberg (Stellvertretung).\", \"Deutsch Female\");\n                }\n            };\n        <\/script>\n    <\/p>\n<h1>Mitwirkung schreiben wir gro\u00df<\/h1>\n<p>Unsere Mitarbeiterinnen und Mitarbeiter mit Behinderung und ihre Angeh\u00f6rigen haben weitgehende Mitbestimmungsrechte, ebenso wie das Fachpersonal.<\/p>\n<h3><strong>Werkstattrat<\/strong><\/h3>\n<p><a href=\"https:\/\/werkstatt-ac.de\/wp-content\/uploads\/2022\/10\/WerkstattratApril2022-1-von-1-1.jpg\"><img loading=\"lazy\" decoding=\"async\" class=\"alignnone wp-image-4161\" src=\"https:\/\/werkstatt-ac.de\/wp-content\/uploads\/2022\/10\/WerkstattratApril2022-1-von-1-1-1024x768.jpg\" alt=\"\" width=\"482\" height=\"362\" srcset=\"https:\/\/werkstatt-ac.de\/wp-content\/uploads\/2022\/10\/WerkstattratApril2022-1-von-1-1-1024x768.jpg 1024w, https:\/\/werkstatt-ac.de\/wp-content\/uploads\/2022\/10\/WerkstattratApril2022-1-von-1-1-300x225.jpg 300w, https:\/\/werkstatt-ac.de\/wp-content\/uploads\/2022\/10\/WerkstattratApril2022-1-von-1-1-768x576.jpg 768w, https:\/\/werkstatt-ac.de\/wp-content\/uploads\/2022\/10\/WerkstattratApril2022-1-von-1-1-1536x1152.jpg 1536w, https:\/\/werkstatt-ac.de\/wp-content\/uploads\/2022\/10\/WerkstattratApril2022-1-von-1-1-1000x750.jpg 1000w, https:\/\/werkstatt-ac.de\/wp-content\/uploads\/2022\/10\/WerkstattratApril2022-1-von-1-1-800x600.jpg 800w, https:\/\/werkstatt-ac.de\/wp-content\/uploads\/2022\/10\/WerkstattratApril2022-1-von-1-1-600x450.jpg 600w, https:\/\/werkstatt-ac.de\/wp-content\/uploads\/2022\/10\/WerkstattratApril2022-1-von-1-1-533x400.jpg 533w, https:\/\/werkstatt-ac.de\/wp-content\/uploads\/2022\/10\/WerkstattratApril2022-1-von-1-1-168x126.jpg 168w, https:\/\/werkstatt-ac.de\/wp-content\/uploads\/2022\/10\/WerkstattratApril2022-1-von-1-1.jpg 2000w\" sizes=\"auto, (max-width: 482px) 100vw, 482px\" \/><\/a><\/p>\n<p>Nach der Werkst\u00e4tten-Mitwirkungsverordnung wird der Werkstattrat, der die Interessen der Menschen mit Behinderung vertritt, alle vier Jahre gew\u00e4hlt. Aufgrund der Besch\u00e4ftigtenzahl von zurzeit rund 800 Mitarbeitern besteht der Rat aus sieben Personen. Vorsitzender ist Max Haberland (links).<\/p>\n<h3><strong>Elternbeirat<\/strong><\/h3>\n<p><a href=\"https:\/\/werkstatt-ac.de\/wp-content\/uploads\/2024\/08\/Elternbeirat-2014-web.jpg\"><img loading=\"lazy\" decoding=\"async\" class=\"alignnone wp-image-4677\" src=\"https:\/\/werkstatt-ac.de\/wp-content\/uploads\/2024\/08\/Elternbeirat-2014-web-300x195.jpg\" alt=\"\" width=\"482\" height=\"313\" srcset=\"https:\/\/werkstatt-ac.de\/wp-content\/uploads\/2024\/08\/Elternbeirat-2014-web-300x195.jpg 300w, https:\/\/werkstatt-ac.de\/wp-content\/uploads\/2024\/08\/Elternbeirat-2014-web-1024x664.jpg 1024w, https:\/\/werkstatt-ac.de\/wp-content\/uploads\/2024\/08\/Elternbeirat-2014-web-768x498.jpg 768w, https:\/\/werkstatt-ac.de\/wp-content\/uploads\/2024\/08\/Elternbeirat-2014-web-1000x648.jpg 1000w, https:\/\/werkstatt-ac.de\/wp-content\/uploads\/2024\/08\/Elternbeirat-2014-web-800x519.jpg 800w, https:\/\/werkstatt-ac.de\/wp-content\/uploads\/2024\/08\/Elternbeirat-2014-web-600x389.jpg 600w, https:\/\/werkstatt-ac.de\/wp-content\/uploads\/2024\/08\/Elternbeirat-2014-web-168x109.jpg 168w, https:\/\/werkstatt-ac.de\/wp-content\/uploads\/2024\/08\/Elternbeirat-2014-web.jpg 1075w\" sizes=\"auto, (max-width: 482px) 100vw, 482px\" \/><\/a><\/p>\n<p>Der Angeh\u00f6rigen-, Eltern- und Betreuerbeirat ist vor allem Ansprechpartner f\u00fcr die W\u00fcnsche und Probleme der Eltern und Betreuer. Der jetzige Elternbeirat hat 18 Mitglieder. Vorsitzender ist Bernhard Knauf.<\/p>\n<h3><strong>Betriebsrat<\/strong><\/h3>\n<p>Der Betriebsrat der Werkstatt vertritt die Interessen der rund 220 Mitarbeiter\/innen, ber\u00e4t sie bei Rechtsfragen und unterst\u00fctzt sie bei der Durchsetzung ihrer Rechte. Der Betriebsrat hat neun Mitglieder: Nicole Sorgun (Vorsitzende, Bild), Ren\u00e9 Mertens (stellv. Vorsitzender), Niklas Kappetein (\u00d6ffentlichkeitsarbeit), Udo Schumacher (Protokollf\u00fchrer), J\u00fcrgen Vondeberg, Robert Ervens, Dominic Bubbel, Andrea Moritz, Janina Schmitz.<\/p>\n<h3><strong>Frauenbeauftragte<\/strong><\/h3>\n<p>Nach dem neuen Bundesteilhabegesetz k\u00f6nnen die weiblichen Besch\u00e4ftigten in den Werkst\u00e4tten eine Frauenbeauftragte w\u00e4hlen. Bei uns gab es diese Position bereits im Rahmen eines Pilotprojekts. Im November 2017 fanden die Wahlen nun erstmals auch bei uns statt. Es gab neun Kandidatinnen. Als Frauenbeauftragte gew\u00e4hlt wurde Regina Offergeld. Sie war schon vorher im Werkstattrat aktiv. Ihre Vertrauensperson ist Marlies Janhsen.<\/p>\n<h3><strong>Schwerbehindertenvertretung<\/strong><\/h3>\n<p>Die Schwerbehindertenvertretung f\u00f6rdert die Eingliederung schwerbehinderter Menschen in unserem Betrieb, vertritt ihre Interessen und steht ihnen beratend und helfend zur Seite. Die Schwerbehindertenvertretung \u00fcbernehmen derzeit Andrea Heibach-Kohl und J\u00fcrgen Vondeberg (Stellvertretung).<\/p>\n<p>\n","protected":false},"excerpt":{"rendered":"<p>Wir sind f\u00fcr die Menschen da. Deshalb bestimmen unsere Besch\u00e4ftigten, ihre Angeh\u00f6rigen und unser Fachpersonal in allen wichtigen Fragen mit. <\/p>\n","protected":false},"author":1,"featured_media":4161,"parent":1285,"menu_order":42,"comment_status":"closed","ping_status":"closed","template":"","meta":{"_acf_changed":false,"footnotes":""},"class_list":["post-181","page","type-page","status-publish","has-post-thumbnail","hentry"],"acf":[],"_links":{"self":[{"href":"https:\/\/werkstatt-ac.de\/index.php?rest_route=\/wp\/v2\/pages\/181","targetHints":{"allow":["GET"]}}],"collection":[{"href":"https:\/\/werkstatt-ac.de\/index.php?rest_route=\/wp\/v2\/pages"}],"about":[{"href":"https:\/\/werkstatt-ac.de\/index.php?rest_route=\/wp\/v2\/types\/page"}],"author":[{"embeddable":true,"href":"https:\/\/werkstatt-ac.de\/index.php?rest_route=\/wp\/v2\/users\/1"}],"replies":[{"embeddable":true,"href":"https:\/\/werkstatt-ac.de\/index.php?rest_route=%2Fwp%2Fv2%2Fcomments&post=181"}],"version-history":[{"count":75,"href":"https:\/\/werkstatt-ac.de\/index.php?rest_route=\/wp\/v2\/pages\/181\/revisions"}],"predecessor-version":[{"id":4681,"href":"https:\/\/werkstatt-ac.de\/index.php?rest_route=\/wp\/v2\/pages\/181\/revisions\/4681"}],"up":[{"embeddable":true,"href":"https:\/\/werkstatt-ac.de\/index.php?rest_route=\/wp\/v2\/pages\/1285"}],"wp:featuredmedia":[{"embeddable":true,"href":"https:\/\/werkstatt-ac.de\/index.php?rest_route=\/wp\/v2\/media\/4161"}],"wp:attachment":[{"href":"https:\/\/werkstatt-ac.de\/index.php?rest_route=%2Fwp%2Fv2%2Fmedia&parent=181"}],"curies":[{"name":"wp","href":"https:\/\/api.w.org\/{rel}","templated":true}]}}