{"id":185,"date":"2016-01-11T18:06:33","date_gmt":"2016-01-11T17:06:33","guid":{"rendered":"https:\/\/werkstatt-ac.de\/?page_id=185"},"modified":"2024-03-25T10:35:28","modified_gmt":"2024-03-25T09:35:28","slug":"geschichte","status":"publish","type":"page","link":"https:\/\/werkstatt-ac.de\/?page_id=185","title":{"rendered":"Geschichte"},"content":{"rendered":"<button id=\"bb1\" type=\"button\" value=\"Play\" class=\"responsivevoice-button\" title=\"ResponsiveVoice Tap to Start\/Stop Speech\"><span>&#128266; Vorlesen<\/span><\/button>\n        <script>\n            bb1.onclick = function(){\n                if(responsiveVoice.isPlaying()){\n                    responsiveVoice.cancel();\n                }else{\n                    responsiveVoice.speak(\"Die Geschichte der Lebenshilfe-Werkstatt 1964 Die Aachener \u201eLebenshilfe f\u00fcr das geistig behinderte Kind\u201c richtet in der Brabantstra\u00dfe die so genannte Anlernwerkstatt ein. Als eine Art Schulersatz besch\u00e4ftigt die Werkstatt anfangs sieben Jugendliche. In NRW gibt es damals keine Schulpflicht f\u00fcr Menschen mit geistiger Behinderung. 1966 Umzug der Anlernwerkstatt mit bereits 65 Pl\u00e4tzen ins alte Forsthaus Siegel. 1968 Gr\u00fcndung der \u201eBesch\u00fctzenden Werkstatt\u201c in einem zuletzt als Betonfertigteilwerk genutzten Geb\u00e4ude in der Grachtstra\u00dfe in Aachen-Brand. Hierhin wechseln die Menschen, die f\u00fcr die Anlernwerkstatt zu alt sind. Hinzu kommen zahlreiche Neuanmeldungen aus der ganzen Region. 1975 Die \u201eBesch\u00fctzende Werkstatt\u201c wird nach dem Schwerbehindertengesetz als \u201eWerkstatt f\u00fcr Behinderte\u201c anerkannt. 1976 In einer alten Schirmfabrik auf der J\u00fclicher Stra\u00dfe wird ein zweiter Standort f\u00fcr rund 100 behinderte Mitarbeiter er\u00f6ffnet. 1980 Umwandlung in eine gemeinn\u00fctzige Gesellschaft mit beschr\u00e4nkter Haftung 1988 Neubau der Betriebsst\u00e4tte Neuenhofstra\u00dfe und Schlie\u00dfung des Standorts J\u00fclicher Stra\u00dfe 1992 Neubau der Betriebsst\u00e4tte Hergelsm\u00fchlenweg und Schlie\u00dfung des Standorts Grachtstra\u00dfe 2008 Erweiterungsbau in der Neuenhofstra\u00dfe 2009 Umbenennung in Lebenshilfe Aachen Werkst\u00e4tten & Service GmbH 2009 Einf\u00fchrung des neuen Leistungsangebots \u201eUnterst\u00fctzte Besch\u00e4ftigung\u201c f\u00fcr Menschen mit Behinderung 2010 Neuorganisation der Unternehmensstruktur 2012 Gr\u00fcndung des Integrationsunternehmens CleanCare mit Lebenshilfe Aachen e. V. 2015 Gr\u00fcndung des Gemeinschaftsunternehmens LEWAC gGmbH mit WABe e. V. Diakonisches Netzwerk Aachen 2018 Wir feiern unser 50-j\u00e4hriges Bestehen am 30. Juni 2018 im Eurogress Aachen mit einem gro\u00dfen Jubil\u00e4umsfest f\u00fcr alle Mitarbeiterinnen und Mitarbeiter. 2024 Gr\u00fcndung des Inklusionsunternehmens LEHATEC (Zerspanung)\", \"Deutsch Female\");\n                }\n            };\n        <\/script>\n    <\/p>\n<h1>Die Geschichte der Lebenshilfe-Werkstatt<\/h1>\n<p><strong>1964 <\/strong>Die Aachener \u201eLebenshilfe f\u00fcr das geistig behinderte Kind\u201c richtet in der Brabantstra\u00dfe die so genannte Anlernwerkstatt ein. Als eine Art Schulersatz besch\u00e4ftigt die Werkstatt anfangs sieben Jugendliche. In NRW gibt es damals keine Schulpflicht f\u00fcr Menschen mit geistiger Behinderung.<\/p>\n<p><strong>1966 <\/strong>Umzug der Anlernwerkstatt mit bereits 65 Pl\u00e4tzen ins alte Forsthaus Siegel.<\/p>\n<p><strong>1968 <\/strong>Gr\u00fcndung der \u201eBesch\u00fctzenden Werkstatt\u201c in einem zuletzt als Betonfertigteilwerk genutzten Geb\u00e4ude in der Grachtstra\u00dfe in Aachen-Brand. Hierhin wechseln die Menschen, die f\u00fcr die Anlernwerkstatt zu alt sind. Hinzu kommen zahlreiche Neuanmeldungen aus der ganzen Region.<\/p>\n<p><strong>1975 <\/strong>Die \u201eBesch\u00fctzende Werkstatt\u201c wird nach dem Schwerbehindertengesetz als \u201eWerkstatt f\u00fcr Behinderte\u201c anerkannt.<\/p>\n<p><strong>1976 <\/strong>In einer alten Schirmfabrik auf der J\u00fclicher Stra\u00dfe wird ein zweiter Standort f\u00fcr rund 100 behinderte Mitarbeiter er\u00f6ffnet.<\/p>\n<p><strong>1980 <\/strong>Umwandlung in eine gemeinn\u00fctzige Gesellschaft mit beschr\u00e4nkter Haftung<\/p>\n<p><strong>1988 <\/strong>Neubau der Betriebsst\u00e4tte Neuenhofstra\u00dfe und Schlie\u00dfung des Standorts J\u00fclicher Stra\u00dfe<\/p>\n<p><strong>1992 <\/strong>Neubau der Betriebsst\u00e4tte Hergelsm\u00fchlenweg und Schlie\u00dfung des Standorts Grachtstra\u00dfe<\/p>\n<p><strong>2008 <\/strong>Erweiterungsbau in der Neuenhofstra\u00dfe<\/p>\n<p><strong>2009 <\/strong>Umbenennung in Lebenshilfe Aachen Werkst\u00e4tten &amp; Service GmbH<\/p>\n<p><strong>2009 <\/strong>Einf\u00fchrung des neuen Leistungsangebots \u201eUnterst\u00fctzte Besch\u00e4ftigung\u201c f\u00fcr Menschen mit Behinderung<\/p>\n<p><strong>2010 <\/strong>Neuorganisation der Unternehmensstruktur<\/p>\n<p><strong>2012 <\/strong>Gr\u00fcndung des Integrationsunternehmens CleanCare mit Lebenshilfe Aachen e. V.<\/p>\n<p><strong>2015 <\/strong>Gr\u00fcndung des Gemeinschaftsunternehmens <a href=\"http:\/\/www.lewac.de\">LEWAC gGmbH<\/a> mit WABe e. V. Diakonisches Netzwerk Aachen<\/p>\n<p><strong>2018<\/strong> Wir feiern unser 50-j\u00e4hriges Bestehen am 30. Juni 2018 im Eurogress Aachen mit einem gro\u00dfen Jubil\u00e4umsfest f\u00fcr alle Mitarbeiterinnen und Mitarbeiter.<\/p>\n<p><strong>2024<\/strong> Gr\u00fcndung des Inklusionsunternehmens LEHATEC (Zerspanung)<br \/>\n\n","protected":false},"excerpt":{"rendered":"<p>Der Ursprung unseres Unternehmens war die Gr\u00fcndung der Lebenshilfe Aachen im Jahr 1962.<\/p>\n","protected":false},"author":1,"featured_media":1320,"parent":1285,"menu_order":38,"comment_status":"closed","ping_status":"closed","template":"","meta":{"_acf_changed":false,"footnotes":""},"class_list":["post-185","page","type-page","status-publish","has-post-thumbnail","hentry"],"acf":[],"_links":{"self":[{"href":"https:\/\/werkstatt-ac.de\/index.php?rest_route=\/wp\/v2\/pages\/185","targetHints":{"allow":["GET"]}}],"collection":[{"href":"https:\/\/werkstatt-ac.de\/index.php?rest_route=\/wp\/v2\/pages"}],"about":[{"href":"https:\/\/werkstatt-ac.de\/index.php?rest_route=\/wp\/v2\/types\/page"}],"author":[{"embeddable":true,"href":"https:\/\/werkstatt-ac.de\/index.php?rest_route=\/wp\/v2\/users\/1"}],"replies":[{"embeddable":true,"href":"https:\/\/werkstatt-ac.de\/index.php?rest_route=%2Fwp%2Fv2%2Fcomments&post=185"}],"version-history":[{"count":28,"href":"https:\/\/werkstatt-ac.de\/index.php?rest_route=\/wp\/v2\/pages\/185\/revisions"}],"predecessor-version":[{"id":4557,"href":"https:\/\/werkstatt-ac.de\/index.php?rest_route=\/wp\/v2\/pages\/185\/revisions\/4557"}],"up":[{"embeddable":true,"href":"https:\/\/werkstatt-ac.de\/index.php?rest_route=\/wp\/v2\/pages\/1285"}],"wp:featuredmedia":[{"embeddable":true,"href":"https:\/\/werkstatt-ac.de\/index.php?rest_route=\/wp\/v2\/media\/1320"}],"wp:attachment":[{"href":"https:\/\/werkstatt-ac.de\/index.php?rest_route=%2Fwp%2Fv2%2Fmedia&parent=185"}],"curies":[{"name":"wp","href":"https:\/\/api.w.org\/{rel}","templated":true}]}}