{"id":197,"date":"2024-07-30T16:59:42","date_gmt":"2024-07-30T14:59:42","guid":{"rendered":"https:\/\/werkstatt-ac.de\/?page_id=197"},"modified":"2024-07-30T16:59:42","modified_gmt":"2024-07-30T14:59:42","slug":"pressespiegel","status":"publish","type":"page","link":"https:\/\/werkstatt-ac.de\/?page_id=197","title":{"rendered":"Presse"},"content":{"rendered":"<button id=\"bb1\" type=\"button\" value=\"Play\" class=\"responsivevoice-button\" title=\"ResponsiveVoice Tap to Start\/Stop Speech\"><span>&#128266; Vorlesen<\/span><\/button>\n        <script>\n            bb1.onclick = function(){\n                if(responsiveVoice.isPlaying()){\n                    responsiveVoice.cancel();\n                }else{\n                    responsiveVoice.speak(\"Besch\u00e4ftigte der Lebenshilfe-Werkst\u00e4tten unterst\u00fctzen krebskranke Kinder 8. Mai 2019 \u2013 Vielfach selbst auf Hilfe angewiesen, zeigen sie doch gro\u00dfes Herz: Im vergangenen Jahr haben unsere Besch\u00e4ftigten bei ihrem traditionellen Weihnachtsbasar einen Reinerl\u00f6s von 676 Euro erzielt und den Betrag an den Aachener F\u00f6rderkreis Hilfe f\u00fcr krebskranke Kinder gespendet. Susanne G\u00f6schel, stellvertretende Vorsitzende des Vereins, bedankte sich jetzt bei Max Haberland f\u00fcr die Unterst\u00fctzung. Haberland ist Vorsitzender des Werkstattrates, der die Interessen unserer Mitarbeiter mit Handicap vertritt, und auch den Weihnachtsbasar organisiert hat. \u201eWir haben uns f\u00fcr den F\u00f6rderkreis f\u00fcr krebskranke Kinder entschieden, weil wir jedes Jahr dahin spenden, wo Kinder eine Spende gebrauchen k\u00f6nnen\u201c, so Haberland. F\u00fcr die Besch\u00e4ftigten der Werkstatt, die meist von der Grundsicherung leben, sei es selbstverst\u00e4ndlich, dass sie selbst auch anderen helfen. Susanne G\u00f6schel bat Haberland, allen an der Spende Beteiligten den tief empfundenen Dank des Vereins zu \u00fcbermitteln. Das Geld werde dringend gebraucht und zur Finanzierung von Kuraufenthalten f\u00fcr kleine Patienten und ihre Familien verwendet. \u201eNah dran\u201c: SuperSonntag berichtet aus der Kunstwerkstatt Reporterin Michaela Leister verbringt einen Arbeitstag im Atelier und erlebt voll konzentrierten und kreativen Einsatz. SuperSonntag vom 9. Dezember 2018 Mitarbeiterzeitung des Studierendenwerks Aachen - \\\"Die stillen Macher\\\" Seit Mai arbeitet das Studierendenwerk fest mit den Werkst\u00e4tten der Aachener Lebenshilfe zusammen.\u00a0https:\/\/www.studierendenwerk-aachen.de\/de\/aktuelles\/beitrag\/studierendenwerk-kooperiert-mit-lebenshilfe.html Samstagsinterview: 50 Jahre Lebenshilfe-Werkst\u00e4tten \u201eDer besch\u00fctzende Charakter ist geblieben\u201c: F\u00fcnf Jahrzehnte gibt es die Werkst\u00e4tten der Lebenshilfe nun schon. In der Zeit haben sich die Rechte Behinderter deutlich verbessert. Aachener Zeitung vom 11. August 2018 Janine Stock und Mateusz Sprengel: So bleibt Teilhabe nicht blo\u00df ein Wort In einem ausf\u00fchrlichen Beitrag widmen sich die Aachener Nachrichten vom 27. April 2018 den Chancen von Menschen mit Behinderung auf dem Arbeitsmarkt. Bericht der Aachener Nachrichten (PDF) WDR Lokalzeit berichtet aus der Werkstatt Am 28. M\u00e4rz 2018 hat der WDR einen Beitrag \u00fcber die Verpackungsgruppe von Guido Offermann ausgestrahlt. Anlass ist unser 50-j\u00e4hriges Bestehen in diesem Jahr. Der Beitrag ist bis zum 28. M\u00e4rz 2019 verf\u00fcgbar. Zur WDR-Seite Gro\u00dfes Dankesch\u00f6n f\u00fcr 100-prozentigen Einsatz Auch im Jahr ihres 50-j\u00e4hrigen Bestehens vergessen die Werkst\u00e4tten der Lebenshilfe Aachen ihre langj\u00e4hrigen Mitarbeiter nicht. Mit einem feierlichen Rahmenprogramm haben wir im M\u00e4rz 109 Mitarbeiter, die seit zehn, 15, 20, 25, 30, 35, 40, 45 und sogar 50 Jahren bei uns arbeiten, geehrt. Bericht der Aachener Nachrichten (PDF) KUNST.TO GO im e.GO Designshop Am Samstag, den 9.12.2017, fand im e.GO Design Shop am Holzgraben ein gemeinsames Event der Lebenshilfe Aachen Werkst\u00e4tten & Service GmbH, dem Immobiliennetzwerk Aachen INA24 e.V. und der e.GO Mobile AG statt. Zwischen 11.00 und 18.00 Uhr wurde in der Ausstellung KUNST. TO GO ein Querschnitt der Arbeiten der K\u00fcnstler aus unserer Kunstwerkstatt \u201ewillsosein\u201c ausgestellt. Bericht der Aachener Zeitung (PDF) Siegel Made in Aachen: Wir sind ausgezeichnet! Zehn Unternehmen aus Aachen wurden erstmals 2016 im Wei\u00dfen Saal des Rathauses mit dem Siegel Made in Aachen ausgezeichnet, darunter auch unser Unternehmen. Folgende Kriterien haben wir erf\u00fcllt: Wir produzieren am Standort Aachen, wir sind ein qualifizierter Ausbildungsbetrieb, wir haben regionale Kooperationen und Projekte und wir beteiligen uns aktiv am Industrie-Dialog. Bericht der Aachener Nachrichten\", \"Deutsch Female\");\n                }\n            };\n        <\/script>\n    <\/p>\n<h3><strong>Besch\u00e4ftigte der Lebenshilfe-Werkst\u00e4tten unterst\u00fctzen krebskranke Kinder<\/strong><\/h3>\n<p>8. Mai 2019 \u2013 Vielfach selbst auf Hilfe angewiesen, zeigen sie doch gro\u00dfes Herz: Im vergangenen Jahr haben unsere Besch\u00e4ftigten bei ihrem traditionellen Weihnachtsba<a href=\"https:\/\/werkstatt-ac.de\/wp-content\/uploads\/2019\/05\/Haberland-Goeschel.png\"><img loading=\"lazy\" decoding=\"async\" class=\"alignleft wp-image-2583 size-medium\" src=\"https:\/\/werkstatt-ac.de\/wp-content\/uploads\/2019\/05\/Haberland-Goeschel-274x300.png\" alt=\"\" width=\"274\" height=\"300\" data-id=\"2583\" srcset=\"https:\/\/werkstatt-ac.de\/wp-content\/uploads\/2019\/05\/Haberland-Goeschel.png 274w, https:\/\/werkstatt-ac.de\/wp-content\/uploads\/2019\/05\/Haberland-Goeschel-153x168.png 153w\" sizes=\"auto, (max-width: 274px) 100vw, 274px\" \/><\/a>sar einen Reinerl\u00f6s von 676 Euro erzielt und den Betrag an den Aachener F\u00f6rderkreis Hilfe f\u00fcr krebskranke Kinder gespendet. Susanne G\u00f6schel, stellvertretende Vorsitzende des Vereins, bedankte sich jetzt bei Max Haberland f\u00fcr die Unterst\u00fctzung. Haberland ist Vorsitzender des Werkstattrates, der die Interessen unserer Mitarbeiter mit Handicap vertritt, und auch den Weihnachtsbasar organisiert hat. \u201eWir haben uns f\u00fcr den F\u00f6rderkreis f\u00fcr krebskranke Kinder entschieden, weil wir jedes Jahr dahin spenden, wo Kinder eine Spende gebrauchen k\u00f6nnen\u201c, so Haberland. F\u00fcr die Besch\u00e4ftigten der Werkstatt, die meist von der Grundsicherung leben, sei es selbstverst\u00e4ndlich, dass sie selbst auch anderen helfen. Susanne G\u00f6schel bat Haberland, allen an der Spende Beteiligten den tief empfundenen Dank des Vereins zu \u00fcbermitteln. Das Geld werde dringend gebraucht und zur Finanzierung von Kuraufenthalten f\u00fcr kleine Patienten und ihre Familien verwendet.<\/p>\n<h3><strong>\u201eNah dran\u201c: SuperSonntag berichtet aus der Kunstwerkstatt<br \/>\n<\/strong><\/h3>\n<p>Reporterin Michaela Leister verbringt einen Arbeitstag im Atelier und erlebt voll konzentrierten und kreativen Einsatz. <a href=\"https:\/\/werkstatt-ac.de\/wp-content\/uploads\/2019\/02\/SuperSonntag-20181209pdf.pdf\">SuperSonntag vom 9. Dezember 2018<\/a><\/p>\n<h3><strong>Mitarbeiterzeitung des Studierendenwerks Aachen &#8211; &#8222;Die stillen Macher&#8220;<\/strong><\/h3>\n<p>Seit Mai arbeitet das Studierendenwerk fest mit den Werkst\u00e4tten der Aachener Lebenshilfe zusammen.\u00a0<a href=\"https:\/\/www.studierendenwerk-aachen.de\/de\/aktuelles\/beitrag\/studierendenwerk-kooperiert-mit-lebenshilfe.html\">https:\/\/www.studierendenwerk-aachen.de\/de\/aktuelles\/beitrag\/studierendenwerk-kooperiert-mit-lebenshilfe.html<\/a><\/p>\n<h3><strong>Samstagsinterview: 50 Jahre Lebenshilfe-Werkst\u00e4tten<\/strong><\/h3>\n<p>\u201eDer besch\u00fctzende Charakter ist geblieben\u201c: F\u00fcnf Jahrzehnte gibt es die Werkst\u00e4tten der Lebenshilfe nun schon. In der Zeit haben sich die Rechte Behinderter deutlich verbessert. <a href=\"https:\/\/werkstatt-ac.de\/wp-content\/uploads\/2018\/08\/Samstagsinterview-Aachener-Zeitung-20180811.pdf\" target=\"_blank\" rel=\"noopener noreferrer\">Aachener Zeitung vom 11. August 2018<\/a><\/p>\n<h3><strong>Janine Stock und Mateusz Sprengel: So bleibt Teilhabe nicht blo\u00df ein Wort<\/strong><\/h3>\n<p>In einem ausf\u00fchrlichen Beitrag widmen sich die Aachener Nachrichten vom 27. April 2018 den Chancen von Menschen mit Behinderung auf dem Arbeitsmarkt. <a href=\"https:\/\/werkstatt-ac.de\/wp-content\/uploads\/2018\/05\/Aachener-Nachrichten-27042018.pdf\">Bericht der Aachener Nachrichten (PDF)<\/a><\/p>\n<h3><strong>WDR Lokalzeit berichtet aus der Werkstatt<br \/>\n<\/strong><\/h3>\n<p>Am 28. M\u00e4rz 2018 hat der WDR einen Beitrag \u00fcber die Verpackungsgruppe von Guido Offermann ausgestrahlt. Anlass ist unser 50-j\u00e4hriges Bestehen in diesem Jahr. Der Beitrag ist bis zum 28. M\u00e4rz 2019 verf\u00fcgbar. <a href=\"https:\/\/www1.wdr.de\/mediathek\/video\/sendungen\/lokalzeit-aachen\/video--jahre-in-den-werkstaetten-der-lebenshilfe-100.html\" target=\"_blank\" rel=\"noopener noreferrer\">Zur WDR-Seite<\/a><\/p>\n<h3><strong> Gro\u00dfes Dankesch\u00f6n f\u00fcr 100-prozentigen Einsatz<\/strong><\/h3>\n<p>Auch im Jahr ihres 50-j\u00e4hrigen Bestehens vergessen die Werkst\u00e4tten der Lebenshilfe Aachen ihre langj\u00e4hrigen Mitarbeiter nicht. Mit einem feierlichen Rahmenprogramm haben wir im M\u00e4rz 109 Mitarbeiter, die seit zehn, 15, 20, 25, 30, 35, 40, 45 und sogar 50 Jahren bei uns arbeiten, geehrt. <a href=\"https:\/\/werkstatt-ac.de\/wp-content\/uploads\/2018\/03\/AN_20180313.pdf\">Bericht der Aachener Nachrichten (PDF)<\/a><strong><br \/>\n<\/strong><\/p>\n<h3><strong>KUNST.TO GO im e.GO Designshop<br \/>\n<\/strong><\/h3>\n<p>Am Samstag, den 9.12.2017, fand im e.GO Design Shop am Holzgraben ein gemeinsames Event der Lebenshilfe Aachen Werkst\u00e4tten &amp; Service GmbH, dem Immobiliennetzwerk Aachen INA24 e.V. und der e.GO Mobile AG statt. Zwischen 11.00 und 18.00 Uhr wurde in der Ausstellung KUNST. TO GO ein Querschnitt der Arbeiten der K\u00fcnstler aus unserer Kunstwerkstatt \u201ewillsosein\u201c ausgestellt. <a href=\"https:\/\/werkstatt-ac.de\/wp-content\/uploads\/2018\/03\/AZ_20171211.pdf\">Bericht der Aachener Zeitung (PDF)<\/a><\/p>\n<h3><strong>Siegel Made in Aachen: Wir sind ausgezeichnet!<\/strong><\/h3>\n<p>Zehn Unternehmen aus Aachen wurden erstmals 2016 im Wei\u00dfen Saal des Rathauses mit dem Siegel <strong>Made in Aachen<\/strong> ausgezeichnet, darunter auch unser Unternehmen. Folgende Kriterien haben wir erf\u00fcllt: Wir produzieren am Standort Aachen, wir sind ein qualifizierter Ausbildungsbetrieb, wir haben regionale Kooperationen und Projekte und wir beteiligen uns aktiv am Industrie-Dialog. <a href=\"http:\/\/www.aachener-nachrichten.de\/lokales\/aachen\/siegel-made-in-aachen-industrie-dialog-zeichnet-unternehmen-aus-1.1346978\">Bericht der Aachener Nachrichten<\/a><\/p>\n<p>\n","protected":false},"excerpt":{"rendered":"<p>Die aktuellen Pressebeitr\u00e4ge im \u00dcberblick.<\/p>\n","protected":false},"author":1,"featured_media":1306,"parent":187,"menu_order":43,"comment_status":"closed","ping_status":"closed","template":"","meta":{"_acf_changed":false,"footnotes":""},"class_list":["post-197","page","type-page","status-publish","has-post-thumbnail","hentry"],"acf":[],"_links":{"self":[{"href":"https:\/\/werkstatt-ac.de\/index.php?rest_route=\/wp\/v2\/pages\/197","targetHints":{"allow":["GET"]}}],"collection":[{"href":"https:\/\/werkstatt-ac.de\/index.php?rest_route=\/wp\/v2\/pages"}],"about":[{"href":"https:\/\/werkstatt-ac.de\/index.php?rest_route=\/wp\/v2\/types\/page"}],"author":[{"embeddable":true,"href":"https:\/\/werkstatt-ac.de\/index.php?rest_route=\/wp\/v2\/users\/1"}],"replies":[{"embeddable":true,"href":"https:\/\/werkstatt-ac.de\/index.php?rest_route=%2Fwp%2Fv2%2Fcomments&post=197"}],"version-history":[{"count":55,"href":"https:\/\/werkstatt-ac.de\/index.php?rest_route=\/wp\/v2\/pages\/197\/revisions"}],"predecessor-version":[{"id":2591,"href":"https:\/\/werkstatt-ac.de\/index.php?rest_route=\/wp\/v2\/pages\/197\/revisions\/2591"}],"up":[{"embeddable":true,"href":"https:\/\/werkstatt-ac.de\/index.php?rest_route=\/wp\/v2\/pages\/187"}],"wp:featuredmedia":[{"embeddable":true,"href":"https:\/\/werkstatt-ac.de\/index.php?rest_route=\/wp\/v2\/media\/1306"}],"wp:attachment":[{"href":"https:\/\/werkstatt-ac.de\/index.php?rest_route=%2Fwp%2Fv2%2Fmedia&parent=197"}],"curies":[{"name":"wp","href":"https:\/\/api.w.org\/{rel}","templated":true}]}}