{"id":2052,"date":"2024-07-30T16:59:41","date_gmt":"2024-07-30T14:59:41","guid":{"rendered":"https:\/\/werkstatt-ac.de\/?page_id=2052"},"modified":"2024-07-30T16:59:41","modified_gmt":"2024-07-30T14:59:41","slug":"freiwilligendienst","status":"publish","type":"page","link":"https:\/\/werkstatt-ac.de\/?page_id=2052","title":{"rendered":"Freiwilligendienst"},"content":{"rendered":"<button id=\"bb1\" type=\"button\" value=\"Play\" class=\"responsivevoice-button\" title=\"ResponsiveVoice Tap to Start\/Stop Speech\"><span>&#128266; Vorlesen<\/span><\/button>\n        <script>\n            bb1.onclick = function(){\n                if(responsiveVoice.isPlaying()){\n                    responsiveVoice.cancel();\n                }else{\n                    responsiveVoice.speak(\"Freiwilligendienst in der Werkstatt Die Schule ist aus. Wie geht es weiter mit Ausbildung und Beruf? M\u00f6chtest Du herausfinden, ob der soziale Bereich das Richtige f\u00fcr Dich ist? Dann bieten wir Dir viele M\u00f6glichkeiten, wichtige Erfahrungen zu sammeln, Dich selbst besser kennenzulernen und Heldenmomente zu erleben, die Du ein Leben lang nicht vergessen wirst! Freiwilliges Soziales Jahr (FSJ) Das FSJ bietet jungen Menschen im Alter von 16 bis zum vollendeten 26. Lebensjahr die Chance, ihre Pers\u00f6nlichkeit weiterzuentwickeln, sich beruflich zu orientieren und das gesellschaftliche Leben aktiv mitzugestalten. Neben dem Umgang mit Menschen geh\u00f6ren Selbsterfahrung, Selbstreflexion und das Erlernen sozialer Kompetenzen zu den wesentlichen Merkmalen des FSJ. Das FSJ dauert in der Regel 12 Monate. Eine Verl\u00e4ngerung bis zu 18 Monaten ist nach Absprache m\u00f6glich. Bundesfreiwilligendienst (BFD) Im BFD engagieren sich gem\u00e4\u00df \u00a7 1 Bundesfreiwilligendienstgesetz (BFDG) Frauen und M\u00e4nner f\u00fcr das Allgemeinwohl. Der Bundesfreiwilligendienst richtet sich an Menschen zwischen 16 und 60 Jahren und f\u00f6rdert so das zivilgesellschaftliche Engagement von Frauen und M\u00e4nnern aller Generationen. Der BFD dauert in der Regel 12 Monate. Eine Verk\u00fcrzung auf 6 Monate bzw. eine Verl\u00e4ngerung bis zu 24 Monaten ist m\u00f6glich. Freiwillige, die \u00e4lter als 27 Jahre sind, sollen sich w\u00f6chentlich f\u00fcr mindestens 20 Stunden verpflichten. Voraussetzungen beendete Schulpflicht Interesse am Einsatzgebiet im sozialen Bereich und der Begleitung und Unterst\u00fctzung von Menschen mit Behinderung Leistungen Taschengeld, Verpflegungskostenzuschuss und Fahrtkostenerstattung mindestens 26 Urlaubstage FSJ- bzw. BFD-Ausweis Qualifizierung Einf\u00fchrung in die Praxis kontinuierliche pers\u00f6nliche und fachliche Beratung Fortbildung mindestens 25 Tage - in 12 Monaten (FSJ) \/ bis zum vollendeten 26. Lebensjahr (BFD)\", \"Deutsch Female\");\n                }\n            };\n        <\/script>\n    <\/p>\n<h2>Freiwilligendienst in der Werkstatt<\/h2>\n<p>Die Schule ist aus. Wie geht es weiter mit Ausbildung und Beruf? M\u00f6chtest Du herausfinden, ob der soziale Bereich das Richtige f\u00fcr Dich ist? Dann bieten wir Dir viele M\u00f6glichkeiten,<\/p>\n<ul>\n<li>wichtige Erfahrungen zu sammeln,<\/li>\n<li>Dich selbst besser kennenzulernen und<\/li>\n<li>Heldenmomente zu erleben, die Du ein Leben lang nicht vergessen wirst!<\/li>\n<\/ul>\n<p><strong>Freiwilliges Soziales Jahr (FSJ)<\/strong><\/p>\n<p>Das FSJ bietet jungen Menschen im Alter von 16 bis zum vollendeten 26. Lebensjahr die Chance, ihre Pers\u00f6nlichkeit weiterzuentwickeln, sich beruflich zu orientieren und das gesellschaftliche Leben aktiv mitzugestalten. Neben dem Umgang mit Menschen geh\u00f6ren Selbsterfahrung, Selbstreflexion und das Erlernen sozialer Kompetenzen zu den wesentlichen Merkmalen des FSJ. Das FSJ dauert in der Regel 12 Monate. Eine Verl\u00e4ngerung bis zu 18 Monaten ist nach Absprache m\u00f6glich.<\/p>\n<p><strong>Bundesfreiwilligendienst (BFD)<\/strong><\/p>\n<p>Im BFD engagieren sich gem\u00e4\u00df \u00a7 1 Bundesfreiwilligendienstgesetz (BFDG) Frauen und M\u00e4nner f\u00fcr das Allgemeinwohl. Der Bundesfreiwilligendienst richtet sich an Menschen zwischen 16 und 60 Jahren und f\u00f6rdert so das zivilgesellschaftliche Engagement von Frauen und M\u00e4nnern aller Generationen. Der BFD dauert in der Regel 12 Monate. Eine Verk\u00fcrzung auf 6 Monate bzw. eine Verl\u00e4ngerung bis zu 24 Monaten ist m\u00f6glich. Freiwillige, die \u00e4lter als 27 Jahre sind, sollen sich w\u00f6chentlich f\u00fcr mindestens 20 Stunden verpflichten.<\/p>\n<p><strong>Voraussetzungen<\/strong><\/p>\n<ul>\n<li>beendete Schulpflicht<\/li>\n<li>Interesse am Einsatzgebiet im sozialen Bereich und der Begleitung und Unterst\u00fctzung von Menschen mit Behinderung<\/li>\n<\/ul>\n<p><strong>Leistungen<\/strong><\/p>\n<ul>\n<li>Taschengeld, Verpflegungskostenzuschuss und Fahrtkostenerstattung<\/li>\n<li>mindestens 26 Urlaubstage<\/li>\n<li>FSJ- bzw. BFD-Ausweis<\/li>\n<\/ul>\n<p><strong>Qualifizierung<\/strong><\/p>\n<ul>\n<li>Einf\u00fchrung in die Praxis<\/li>\n<li>kontinuierliche pers\u00f6nliche und fachliche Beratung<\/li>\n<li>Fortbildung mindestens 25 Tage &#8211; in 12 Monaten (FSJ) \/ bis zum vollendeten 26. Lebensjahr (BFD)<\/li>\n<\/ul>\n<p>&nbsp;<\/p>\n<p>\n","protected":false},"excerpt":{"rendered":"<p>Sie k\u00f6nnen bei uns sowohl ein Freiwilliges Soziales Jahr (FSJ) als auch einen Bundesfreiwilligendienst (BFD) leisten.<\/p>\n","protected":false},"author":101013,"featured_media":261,"parent":187,"menu_order":39,"comment_status":"closed","ping_status":"closed","template":"","meta":{"_acf_changed":false,"footnotes":""},"class_list":["post-2052","page","type-page","status-publish","has-post-thumbnail","hentry"],"acf":[],"_links":{"self":[{"href":"https:\/\/werkstatt-ac.de\/index.php?rest_route=\/wp\/v2\/pages\/2052","targetHints":{"allow":["GET"]}}],"collection":[{"href":"https:\/\/werkstatt-ac.de\/index.php?rest_route=\/wp\/v2\/pages"}],"about":[{"href":"https:\/\/werkstatt-ac.de\/index.php?rest_route=\/wp\/v2\/types\/page"}],"author":[{"embeddable":true,"href":"https:\/\/werkstatt-ac.de\/index.php?rest_route=\/wp\/v2\/users\/101013"}],"replies":[{"embeddable":true,"href":"https:\/\/werkstatt-ac.de\/index.php?rest_route=%2Fwp%2Fv2%2Fcomments&post=2052"}],"version-history":[{"count":38,"href":"https:\/\/werkstatt-ac.de\/index.php?rest_route=\/wp\/v2\/pages\/2052\/revisions"}],"predecessor-version":[{"id":4540,"href":"https:\/\/werkstatt-ac.de\/index.php?rest_route=\/wp\/v2\/pages\/2052\/revisions\/4540"}],"up":[{"embeddable":true,"href":"https:\/\/werkstatt-ac.de\/index.php?rest_route=\/wp\/v2\/pages\/187"}],"wp:featuredmedia":[{"embeddable":true,"href":"https:\/\/werkstatt-ac.de\/index.php?rest_route=\/wp\/v2\/media\/261"}],"wp:attachment":[{"href":"https:\/\/werkstatt-ac.de\/index.php?rest_route=%2Fwp%2Fv2%2Fmedia&parent=2052"}],"curies":[{"name":"wp","href":"https:\/\/api.w.org\/{rel}","templated":true}]}}