{"id":497,"date":"2016-08-03T12:57:38","date_gmt":"2016-08-03T10:57:38","guid":{"rendered":"https:\/\/werkstatt-ac.de\/?page_id=497"},"modified":"2021-11-16T10:02:15","modified_gmt":"2021-11-16T09:02:15","slug":"buero-services","status":"publish","type":"page","link":"https:\/\/werkstatt-ac.de\/?page_id=497","title":{"rendered":"Backoffice Service"},"content":{"rendered":"<button id=\"bb1\" type=\"button\" value=\"Play\" class=\"responsivevoice-button\" title=\"ResponsiveVoice Tap to Start\/Stop Speech\"><span>&#128266; Vorlesen<\/span><\/button>\n        <script>\n            bb1.onclick = function(){\n                if(responsiveVoice.isPlaying()){\n                    responsiveVoice.cancel();\n                }else{\n                    responsiveVoice.speak(\"Entlasten Sie Ihr Sekretariat \u00dcberlassen Sie die Routinen im Direkt-Marketing einfach uns: Wir unterst\u00fctzen Sie bei Promotion-Aktionen, \u00fcbernehmen die Abwicklung von individuellen Postaussendungen und verarbeiten Daten weiter. Auch bei Treueaktionen oder Gewinnspielen \u00fcbernehmen wir den gesamten Prozess von der R\u00fccklaufsortierung \u00fcber die Erstellung von personalisierten Anschreiben bis zu Verpackung, Frankierung und Postversand. Au\u00dferdem bieten wir Ihnen die regelm\u00e4\u00dfige Pflege Ihrer Kundenadressdaten durch Internetrecherche an. So vermeiden Sie Retouren und Mehrfachansprachen Ihrer Kunden. Wir garantieren hohe Sicherheitsstandards im Bereich Datenschutz durch umfangreiche organisatorische und technische Ma\u00dfnahmen nach dem Bundesdatenschutzgesetz (BDSG). Leistungsspektrum Lettershop Portooptimierter Postversand Konfektion \/ Versand Auftragsdatenverarbeitung Promotion-Aktionen Datenpflege Referenzkunde: MVG Metallverarbeitungsgesellschaft mbH, Eschweiler Michael P\u00fctz, Mitglied der Gesch\u00e4ftsf\u00fchrung: \u201eDie Zusammenarbeit mit der Lebenshilfe ist nicht nur pers\u00f6nlich sehr angenehm, sondern f\u00fcr uns eine zielf\u00fchrende Unterst\u00fctzung in den verschiedenen Bereichen. Seit etwa zwei Jahren arbeiten wir mittlerweile mit der Lebenshilfe zusammen, angefangen hat f\u00fcr uns alles mit der Adressrecherche von Fach- und Markenh\u00e4ndlern im Kfz-Bereich. Im Marketing ist es entscheidend auf einen vollst\u00e4ndigen und aktuellen Adressbestand zur\u00fcckgreifen zu k\u00f6nnen, wo durch die Unterst\u00fctzung der Mitarbeiterinnen und Mitarbeiter der Lebenshilfe f\u00fcr uns als Unternehmen ein gro\u00dfer Mehrwert entsteht. Die Qualit\u00e4t und Ausf\u00fchrung der Arbeit hat uns \u00fcberzeugt, so dass wir die Zusammenarbeit stetig ausgebaut haben. Mittlerweile geh\u00f6rt die Adressrecherche in allen EU-L\u00e4ndern ebenso dazu, wie das Einpflegen neuer Produktexte in verschiedenen Fremdsprachen f\u00fcr unsere Onlineshops. Da dabei am produktiven Shop gearbeitet wird, ist uns ein sorgf\u00e4ltiges, genaues Arbeiten sehr wichtig. Bei der Lebenshilfe haben wir genau das gefunden, einen gro\u00dfartigen Partner, der durch strukturierte Arbeitsweisen f\u00fcr uns hochwertige Ergebnisse erzielt und mit dem wir gerne und erfolgreich zusammenarbeiten.\u201c Zur MVG-Website\", \"Deutsch Female\");\n                }\n            };\n        <\/script>\n    <\/p>\n<h1>Entlasten Sie Ihr Sekretariat<\/h1>\n<p>\u00dcberlassen Sie die Routinen im Direkt-Marketing einfach uns: Wir unterst\u00fctzen Sie bei Promotion-Aktionen, \u00fcbernehmen die Abwicklung von individuellen Postaussendungen und verarbeiten Daten weiter. Auch bei Treueaktionen oder Gewinnspielen \u00fcbernehmen wir den gesamten Prozess von der R\u00fccklaufsortierung \u00fcber die Erstellung von personalisierten Anschreiben bis zu Verpackung, Frankierung und Postversand. Au\u00dferdem bieten wir Ihnen die regelm\u00e4\u00dfige Pflege Ihrer Kundenadressdaten durch Internetrecherche an. So vermeiden Sie Retouren und Mehrfachansprachen Ihrer Kunden. Wir garantieren hohe Sicherheitsstandards im Bereich Datenschutz durch umfangreiche organisatorische und technische Ma\u00dfnahmen nach dem Bundesdatenschutzgesetz (BDSG).<\/p>\n<h2>Leistungsspektrum<\/h2>\n<ul>\n<li>Lettershop<\/li>\n<li>Portooptimierter Postversand<\/li>\n<li>Konfektion \/ Versand<\/li>\n<li>Auftragsdatenverarbeitung<\/li>\n<li>Promotion-Aktionen<\/li>\n<li>Datenpflege<\/li>\n<\/ul>\n<p>&nbsp;<\/p>\n<h2>Referenzkunde: MVG Metallverarbeitungsgesellschaft mbH, Eschweiler<\/h2>\n<p>Michael P\u00fctz, Mitglied der Gesch\u00e4ftsf\u00fchrung: \u201eDie Zusammenarbeit mit der Lebenshilfe ist nicht nur pers\u00f6nlich sehr angenehm, sondern f\u00fcr uns eine zielf\u00fchrende Unterst\u00fctzung in den verschiedenen Bereichen. Seit etwa zwei Jahren arbeiten wir mittlerweile mit der Lebenshilfe zusammen, angefangen hat f\u00fcr uns alles mit der Adressrecherche von Fach- und Markenh\u00e4ndlern im Kfz-Bereich. Im Marketing ist es entscheidend auf einen vollst\u00e4ndigen und aktuellen Adressbestand zur\u00fcckgreifen zu k\u00f6nnen, wo durch die Unterst\u00fctzung der Mitarbeiterinnen und Mitarbeiter der Lebenshilfe f\u00fcr uns als Unternehmen ein gro\u00dfer Mehrwert entsteht. Die Qualit\u00e4t und Ausf\u00fchrung der Arbeit hat uns \u00fcberzeugt, so dass wir die Zusammenarbeit stetig ausgebaut haben. Mittlerweile geh\u00f6rt die Adressrecherche in allen EU-L\u00e4ndern ebenso dazu, wie das Einpflegen neuer Produktexte in verschiedenen Fremdsprachen f\u00fcr unsere Onlineshops. Da dabei am produktiven Shop gearbeitet wird, ist uns ein sorgf\u00e4ltiges, genaues Arbeiten sehr wichtig. Bei der Lebenshilfe haben wir genau das gefunden, einen gro\u00dfartigen Partner, der durch strukturierte Arbeitsweisen f\u00fcr uns hochwertige Ergebnisse erzielt und mit dem wir gerne und erfolgreich zusammenarbeiten.\u201c <a href=\"https:\/\/www.mvg.group\/\" target=\"_blank\" rel=\"noopener\">Zur MVG-Website<\/a><br \/>\n\n","protected":false},"excerpt":{"rendered":"<p>Wir unterst\u00fctzen Sie bei Promotion-Aktionen, \u00fcbernehmen die Abwicklung von individuellen Postaussendungen und verarbeiten Daten weiter.<\/p>\n","protected":false},"author":101011,"featured_media":1062,"parent":5,"menu_order":27,"comment_status":"closed","ping_status":"closed","template":"","meta":{"_acf_changed":false,"footnotes":""},"class_list":["post-497","page","type-page","status-publish","has-post-thumbnail","hentry"],"acf":[],"_links":{"self":[{"href":"https:\/\/werkstatt-ac.de\/index.php?rest_route=\/wp\/v2\/pages\/497","targetHints":{"allow":["GET"]}}],"collection":[{"href":"https:\/\/werkstatt-ac.de\/index.php?rest_route=\/wp\/v2\/pages"}],"about":[{"href":"https:\/\/werkstatt-ac.de\/index.php?rest_route=\/wp\/v2\/types\/page"}],"author":[{"embeddable":true,"href":"https:\/\/werkstatt-ac.de\/index.php?rest_route=\/wp\/v2\/users\/101011"}],"replies":[{"embeddable":true,"href":"https:\/\/werkstatt-ac.de\/index.php?rest_route=%2Fwp%2Fv2%2Fcomments&post=497"}],"version-history":[{"count":20,"href":"https:\/\/werkstatt-ac.de\/index.php?rest_route=\/wp\/v2\/pages\/497\/revisions"}],"predecessor-version":[{"id":3962,"href":"https:\/\/werkstatt-ac.de\/index.php?rest_route=\/wp\/v2\/pages\/497\/revisions\/3962"}],"up":[{"embeddable":true,"href":"https:\/\/werkstatt-ac.de\/index.php?rest_route=\/wp\/v2\/pages\/5"}],"wp:featuredmedia":[{"embeddable":true,"href":"https:\/\/werkstatt-ac.de\/index.php?rest_route=\/wp\/v2\/media\/1062"}],"wp:attachment":[{"href":"https:\/\/werkstatt-ac.de\/index.php?rest_route=%2Fwp%2Fv2%2Fmedia&parent=497"}],"curies":[{"name":"wp","href":"https:\/\/api.w.org\/{rel}","templated":true}]}}