{"id":5,"date":"2015-10-20T15:30:12","date_gmt":"2015-10-20T13:30:12","guid":{"rendered":"https:\/\/werkstatt-ac.de\/?page_id=5"},"modified":"2017-11-14T09:02:53","modified_gmt":"2017-11-14T08:02:53","slug":"fuer-unternehmen","status":"publish","type":"page","link":"https:\/\/werkstatt-ac.de\/?page_id=5","title":{"rendered":"F\u00fcr Unternehmen"},"content":{"rendered":"<p><strong>Ein Gewinn f\u00fcr alle<\/strong><br \/>\nAuf diesen Seiten finden Sie Informationen zu den Produkten und Dienstleistungen, die wir f\u00fcr Unternehmen erbringen.\u00a0 Nutzen Sie unsere Erfahrung, Zuverl\u00e4ssigkeit und Qualit\u00e4t. Beteiligen Sie Menschen mit Behinderung durch den Kauf unserer Produkte und mit Ihren Auftr\u00e4gen. Profitieren Sie dabei auch vom reduzierten Mehrwertsteuersatz und sparen Sie bei der Ausgleichsabgabe.<\/p>\n","protected":false},"excerpt":{"rendered":"<p>Ein Gewinn f\u00fcr alle Auf diesen Seiten finden Sie Informationen zu den Produkten und Dienstleistungen, die wir f\u00fcr Unternehmen erbringen.\u00a0 Nutzen Sie unsere Erfahrung, Zuverl\u00e4ssigkeit und Qualit\u00e4t. Beteiligen Sie Menschen mit Behinderung durch den Kauf unserer Produkte und mit Ihren Auftr\u00e4gen. Profitieren Sie dabei auch vom reduzierten Mehrwertsteuersatz und sparen Sie bei der Ausgleichsabgabe.<\/p>\n","protected":false},"author":1,"featured_media":0,"parent":0,"menu_order":19,"comment_status":"closed","ping_status":"closed","template":"page-uebersicht.php","meta":{"_acf_changed":false,"footnotes":""},"class_list":["post-5","page","type-page","status-publish","hentry"],"acf":[],"_links":{"self":[{"href":"https:\/\/werkstatt-ac.de\/index.php?rest_route=\/wp\/v2\/pages\/5","targetHints":{"allow":["GET"]}}],"collection":[{"href":"https:\/\/werkstatt-ac.de\/index.php?rest_route=\/wp\/v2\/pages"}],"about":[{"href":"https:\/\/werkstatt-ac.de\/index.php?rest_route=\/wp\/v2\/types\/page"}],"author":[{"embeddable":true,"href":"https:\/\/werkstatt-ac.de\/index.php?rest_route=\/wp\/v2\/users\/1"}],"replies":[{"embeddable":true,"href":"https:\/\/werkstatt-ac.de\/index.php?rest_route=%2Fwp%2Fv2%2Fcomments&post=5"}],"version-history":[{"count":6,"href":"https:\/\/werkstatt-ac.de\/index.php?rest_route=\/wp\/v2\/pages\/5\/revisions"}],"predecessor-version":[{"id":1439,"href":"https:\/\/werkstatt-ac.de\/index.php?rest_route=\/wp\/v2\/pages\/5\/revisions\/1439"}],"wp:attachment":[{"href":"https:\/\/werkstatt-ac.de\/index.php?rest_route=%2Fwp%2Fv2%2Fmedia&parent=5"}],"curies":[{"name":"wp","href":"https:\/\/api.w.org\/{rel}","templated":true}]}}