{"id":775,"date":"2024-07-30T16:59:42","date_gmt":"2024-07-30T14:59:42","guid":{"rendered":"https:\/\/werkstatt-ac.de\/?page_id=775"},"modified":"2025-12-15T21:14:38","modified_gmt":"2025-12-15T20:14:38","slug":"unsere-helden","status":"publish","type":"page","link":"https:\/\/werkstatt-ac.de\/?page_id=775","title":{"rendered":"Unsere Helden"},"content":{"rendered":"<button id=\"bb1\" type=\"button\" value=\"Play\" class=\"responsivevoice-button\" title=\"ResponsiveVoice Tap to Start\/Stop Speech\"><span>&#128266; Vorlesen<\/span><\/button>\n        <script>\n            bb1.onclick = function(){\n                if(responsiveVoice.isPlaying()){\n                    responsiveVoice.cancel();\n                }else{\n                    responsiveVoice.speak(\"Unsere Helden In unserer Video-Reihe \u201eUnsere Helden\u201c stellen wir Menschen vor, die in unserem Unternehmen mitarbeiten. Sie stehen stellvertretend f\u00fcr die \u00fcber 800 Besch\u00e4ftigten, die Tag f\u00fcr Tag zuverl\u00e4ssig, flei\u00dfig und mit Freude dabei sind. Sie sind echte Helden des Alltags. Hinweis: Um die Videos sehen zu k\u00f6nnen, m\u00fcssen Sie die Cookie-Einstellung aktivieren.\", \"Deutsch Female\");\n                }\n            };\n        <\/script>\n    <\/p>\n<h1>Unsere Helden<\/h1>\n<p>In unserer Video-Reihe \u201eUnsere Helden\u201c stellen wir Menschen vor, die in unserem Unternehmen mitarbeiten. Sie stehen stellvertretend f\u00fcr die \u00fcber 800 Besch\u00e4ftigten, die Tag f\u00fcr Tag zuverl\u00e4ssig, flei\u00dfig und mit Freude dabei sind. Sie sind echte Helden des Alltags.<\/p>\n<p><em>Hinweis: Um die Videos sehen zu k\u00f6nnen, m\u00fcssen Sie die Cookie-Einstellung aktivieren.<\/em><\/p>\n<p><a href=\"https:\/\/werkstatt-ac.de\/wp-content\/uploads\/2017\/02\/LAC_Werkstatthelden-Logo-.jpg\"><img loading=\"lazy\" decoding=\"async\" class=\"alignnone wp-image-1309 size-medium\" src=\"https:\/\/werkstatt-ac.de\/wp-content\/uploads\/2017\/02\/LAC_Werkstatthelden-Logo--300x212.jpg\" alt=\"\" width=\"300\" height=\"212\" srcset=\"https:\/\/werkstatt-ac.de\/wp-content\/uploads\/2017\/02\/LAC_Werkstatthelden-Logo--300x212.jpg 300w, https:\/\/werkstatt-ac.de\/wp-content\/uploads\/2017\/02\/LAC_Werkstatthelden-Logo--768x544.jpg 768w, https:\/\/werkstatt-ac.de\/wp-content\/uploads\/2017\/02\/LAC_Werkstatthelden-Logo--800x566.jpg 800w, https:\/\/werkstatt-ac.de\/wp-content\/uploads\/2017\/02\/LAC_Werkstatthelden-Logo--600x425.jpg 600w, https:\/\/werkstatt-ac.de\/wp-content\/uploads\/2017\/02\/LAC_Werkstatthelden-Logo--565x400.jpg 565w, https:\/\/werkstatt-ac.de\/wp-content\/uploads\/2017\/02\/LAC_Werkstatthelden-Logo--168x119.jpg 168w, https:\/\/werkstatt-ac.de\/wp-content\/uploads\/2017\/02\/LAC_Werkstatthelden-Logo-.jpg 842w\" sizes=\"auto, (max-width: 300px) 100vw, 300px\" \/><\/a><\/p>\n<p>\n","protected":false},"excerpt":{"rendered":"<p>Mit der neuen Video-Reihe \u201eUnsere Helden\u201c stellen wir Menschen vor, die in unserem Unternehmen mitarbeiten.<\/p>\n","protected":false},"author":101011,"featured_media":1309,"parent":187,"menu_order":46,"comment_status":"closed","ping_status":"closed","template":"","meta":{"_acf_changed":false,"footnotes":""},"class_list":["post-775","page","type-page","status-publish","has-post-thumbnail","hentry"],"acf":[],"_links":{"self":[{"href":"https:\/\/werkstatt-ac.de\/index.php?rest_route=\/wp\/v2\/pages\/775","targetHints":{"allow":["GET"]}}],"collection":[{"href":"https:\/\/werkstatt-ac.de\/index.php?rest_route=\/wp\/v2\/pages"}],"about":[{"href":"https:\/\/werkstatt-ac.de\/index.php?rest_route=\/wp\/v2\/types\/page"}],"author":[{"embeddable":true,"href":"https:\/\/werkstatt-ac.de\/index.php?rest_route=\/wp\/v2\/users\/101011"}],"replies":[{"embeddable":true,"href":"https:\/\/werkstatt-ac.de\/index.php?rest_route=%2Fwp%2Fv2%2Fcomments&post=775"}],"version-history":[{"count":69,"href":"https:\/\/werkstatt-ac.de\/index.php?rest_route=\/wp\/v2\/pages\/775\/revisions"}],"predecessor-version":[{"id":4848,"href":"https:\/\/werkstatt-ac.de\/index.php?rest_route=\/wp\/v2\/pages\/775\/revisions\/4848"}],"up":[{"embeddable":true,"href":"https:\/\/werkstatt-ac.de\/index.php?rest_route=\/wp\/v2\/pages\/187"}],"wp:featuredmedia":[{"embeddable":true,"href":"https:\/\/werkstatt-ac.de\/index.php?rest_route=\/wp\/v2\/media\/1309"}],"wp:attachment":[{"href":"https:\/\/werkstatt-ac.de\/index.php?rest_route=%2Fwp%2Fv2%2Fmedia&parent=775"}],"curies":[{"name":"wp","href":"https:\/\/api.w.org\/{rel}","templated":true}]}}